{"id":7329,"date":"2019-02-07T15:50:29","date_gmt":"2019-02-07T14:50:29","guid":{"rendered":"https:\/\/www.fare.lu\/?page_id=7329"},"modified":"2024-04-26T10:25:00","modified_gmt":"2024-04-26T08:25:00","slug":"your-real-estate-partner-in-luxembourg","status":"publish","type":"page","link":"https:\/\/fare.lu\/fr\/your-real-estate-partner-in-luxembourg\/","title":{"rendered":"\u00c0 Propos"},"content":{"rendered":"<p>[vc_row row_content_width=\u00a0\u00bbgrid\u00a0\u00bb disable_background_image=\u00a0\u00bb\u00a0\u00bb content_text_aligment=\u00a0\u00bbleft\u00a0\u00bb simple_background_image=\u00a0\u00bb6638&Prime;][vc_column]<div class=\"qodef-elements-holder   qodef-one-column  qodef-responsive-mode-768 \" ><div class=\"qodef-eh-item    \"  data-item-class=\"qodef-eh-custom-1834\" data-1280-1600=\"129px 0\" data-1024-1280=\"129px 0\" data-768-1024=\"113px 7% 134px\" data-680-768=\"113px 0 134px\" data-680=\"113px 0 134px\">\n\t<div class=\"qodef-eh-item-inner\">\n\t\t<div class=\"qodef-eh-item-content qodef-eh-custom-1834\" style=\"padding: 129px 0\">\n\t\t\t<h2 class=\"qodef-custom-font-holder  qodef-cf-5765  \" style=\"font-size: 72px;line-height: 64px;text-align: left;color: #ffffff\" data-item-class=\"qodef-cf-5765\" data-font-size-680=\"57px\">\n\t\u00c0 Propos<\/h2>\t\t<\/div>\n\t<\/div>\n<\/div><\/div>[\/vc_column][\/vc_row][vc_row row_content_width=\u00a0\u00bbgrid\u00a0\u00bb simple_background_color=\u00a0\u00bb#ffffff\u00a0\u00bb css=\u00a0\u00bb.vc_custom_1534243172728{padding-top: 70px !important;padding-bottom: 70px !important;}\u00a0\u00bb][vc_column offset=\u00a0\u00bbvc_col-lg-6 vc_col-md-12&Prime;][vc_separator color=\u00a0\u00bbcustom\u00a0\u00bb accent_color=\u00a0\u00bb#dd3333&Prime;][vc_single_image image=\u00a0\u00bb20804&Prime; img_size=\u00a0\u00bbmedium\u00a0\u00bb][vc_column_text]<\/p>\n<h2><strong>Thomas Fairfax-Jones<\/strong><\/h2>\n<h3>CEO<\/h3>\n<p>travaille dans l&rsquo;immobilier depuis 1997. Reconnu dans tout le Grand-Duch\u00e9 de Luxembourg comme un professionnel accompli qui prend soin de ses clients, qu&rsquo;il s&rsquo;agisse d&rsquo;une propri\u00e9t\u00e9 individuelle ou d&rsquo;un vaste d\u00e9veloppement. Contactez Thomas \u00e0 l&rsquo;adresse e-mail <a href=\"mailto:management@fare.lu\">management@fare.lu<\/a>[\/vc_column_text][\/vc_column][\/vc_row][vc_row disable_element=\u00a0\u00bbyes\u00a0\u00bb css=\u00a0\u00bb.vc_custom_1544772805601{padding-right: 10px !important;padding-left: 10px !important;}\u00a0\u00bb simple_background_color=\u00a0\u00bb#ffffff\u00a0\u00bb][vc_column]<div class=\"qodef-agency-agent-list qodef-tiny-space qodef-aal-five-columns\">\n\t<ul class=\"qodef-aal-inner qodef-outer-space\">\n\t\t\t\t\t<li class=\"qodef-aal-item qodef-item-space qodef-user-no-social\">\n\t\t<div class=\"qodef-aal-item-inner\">\n\t\t\t<div class=\"qodef-aal-image\">\n\t\t\t\t<img alt='' src='https:\/\/secure.gravatar.com\/avatar\/a954f3a9ea7544c4585d82c2614d684f?s=600&#038;d=mm&#038;r=g' srcset='https:\/\/secure.gravatar.com\/avatar\/a954f3a9ea7544c4585d82c2614d684f?s=1200&#038;d=mm&#038;r=g 2x' class='avatar avatar-600 photo' height='600' width='600' \/>\t\t\t<\/div>\n\t\t\t<div class=\"qodef-aal-item-content\">\n\t\t\t\t\t\t\t\t\t<a href=\"https:\/\/fare.lu\/fr\/author\/test\/\" target=\"_self\">\n\t\t\t\t\t\t\t\t<h5 class=\"qodef-aal-item-title\">TEST<\/h5>\n\t\t\t\t\t\t\t\t\t<\/a>\n\t\t\t\t                <h6 class=\"qodef-aal-item-position\"><\/h6>\n\t\t\t\t\t\t\t<\/div>\n                            <a class=\"qodef-aal-user-link\" href=\"https:\/\/fare.lu\/fr\/author\/test\/\" target=\"_self\"><\/a>\n            \t\t<\/div>\n\t<\/li>\n\t\n\t<\/ul>\n<\/div>[\/vc_column][\/vc_row][vc_row row_content_width=\u00a0\u00bbgrid\u00a0\u00bb css=\u00a0\u00bb.vc_custom_1660904716079{padding-top: 30px !important;padding-bottom: 30px !important;}\u00a0\u00bb][vc_column][vc_column_text]Tarifs : Commission d&rsquo;agence pour la vente d&rsquo;un bien immobilier, jusqu&rsquo;\u00e1 3%+TVA de 17% inclus dans le prix de vente : Commission d&rsquo;agence pour la location d&rsquo;un bien immobilier: 1 mois de loyer+TVA de 17%<\/p>\n<p>TVA LU19712680 Matricule 20032205462-RCS: B92560 Autorisation D\u2019Etablissement 1005700\/A[\/vc_column_text][\/vc_column][\/vc_row]<\/p>","protected":false},"excerpt":{"rendered":"<p>[vc_row row_content_width=\u00a0\u00bbgrid\u00a0\u00bb disable_background_image=\u00a0\u00bb\u00a0\u00bb content_text_aligment=\u00a0\u00bbleft\u00a0\u00bb simple_background_image=\u00a0\u00bb6638&Prime;][vc_column][\/vc_column][\/vc_row][vc_row row_content_width=\u00a0\u00bbgrid\u00a0\u00bb simple_background_color=\u00a0\u00bb#ffffff\u00a0\u00bb css=\u00a0\u00bb.vc_custom_1534243172728{padding-top: 70px !important;padding-bottom: 70px !important;}\u00a0\u00bb][vc_column offset=\u00a0\u00bbvc_col-lg-6 vc_col-md-12&Prime;][vc_separator color=\u00a0\u00bbcustom\u00a0\u00bb accent_color=\u00a0\u00bb#dd3333&Prime;][vc_single_image image=\u00a0\u00bb20804&Prime; img_size=\u00a0\u00bbmedium\u00a0\u00bb][vc_column_text] Thomas Fairfax-Jones CEO travaille dans l&rsquo;immobilier depuis 1997. Reconnu dans tout le Grand-Duch\u00e9 de Luxembourg comme un professionnel accompli qui prend soin [&hellip;]<\/p>\n","protected":false},"author":18,"featured_media":0,"parent":0,"menu_order":0,"comment_status":"closed","ping_status":"closed","template":"full-width.php","meta":{"_acf_changed":false,"footnotes":""},"acf":[],"yoast_head":"<!-- This site is optimized with the Yoast SEO plugin v24.1 - https:\/\/yoast.com\/wordpress\/plugins\/seo\/ -->\n<title>\u00c0 Propos &#187; Fare &#187; Exclusive &#187; Real Estate &#187; Luxembourg\u00c0 Propos &#187; Fare &#187; Exclusive &#187; Real Estate &#187; Luxembourg<\/title>\n<meta name=\"description\" content=\"FARE has progressively grown and firmly established itself as a leading real estate agency in the residential and commercial sector of the Luxembourg property industry.\" \/>\n<meta name=\"robots\" content=\"index, follow, max-snippet:-1, max-image-preview:large, max-video-preview:-1\" \/>\n<link rel=\"canonical\" href=\"https:\/\/fare.lu\/fr\/your-real-estate-partner-in-luxembourg\/\" \/>\n<meta property=\"og:locale\" content=\"fr_FR\" \/>\n<meta property=\"og:type\" content=\"article\" \/>\n<meta property=\"og:title\" content=\"\u00c0 Propos &#187; Fare &#187; Exclusive &#187; Real Estate &#187; Luxembourg\u00c0 Propos &#187; Fare &#187; Exclusive &#187; Real Estate &#187; Luxembourg\" \/>\n<meta property=\"og:description\" content=\"FARE has progressively grown and firmly established itself as a leading real estate agency in the residential and commercial sector of the Luxembourg property industry.\" \/>\n<meta property=\"og:url\" content=\"https:\/\/fare.lu\/fr\/your-real-estate-partner-in-luxembourg\/\" \/>\n<meta property=\"og:site_name\" content=\"Fare\" \/>\n<meta property=\"article:publisher\" content=\"https:\/\/www.facebook.com\/FARE.realestate\/?eid=ARBianNQrjkuyE3lWZt04frYywAy-mljTznSn1yD_xhxCFrCFmVw9pjxPHGE1ZHcxRBkujBS12sRMkWS&amp;amp%3bamp%3bamp%3bamp%3bamp%3bamp%3bamp%3bamp%3bamp%3bamp%3btimeline_context_item_type=intro_card_work&amp;amp%3bamp%3bamp%3bamp%3bamp%3bamp%3bamp%3bamp%3bamp%3bamp%3btimeline_context_item_source=100006475746626&amp;amp%3bamp%3bamp%3bamp%3bamp%3bamp%3bamp%3bamp%3bamp%3bamp%3bfref=tag\" \/>\n<meta property=\"article:modified_time\" content=\"2024-04-26T08:25:00+00:00\" \/>\n<meta name=\"twitter:card\" content=\"summary_large_image\" \/>\n<meta name=\"twitter:site\" content=\"@FARERealEstate\" \/>\n<meta name=\"twitter:label1\" content=\"Dur\u00e9e de lecture estim\u00e9e\" \/>\n\t<meta name=\"twitter:data1\" content=\"1 minute\" \/>\n<script type=\"application\/ld+json\" class=\"yoast-schema-graph\">{\"@context\":\"https:\/\/schema.org\",\"@graph\":[{\"@type\":\"WebPage\",\"@id\":\"https:\/\/fare.lu\/fr\/your-real-estate-partner-in-luxembourg\/\",\"url\":\"https:\/\/fare.lu\/fr\/your-real-estate-partner-in-luxembourg\/\",\"name\":\"\u00c0 Propos &#187; Fare &#187; Exclusive &#187; Real Estate &#187; Luxembourg\u00c0 Propos &#187; Fare &#187; Exclusive &#187; Real Estate &#187; Luxembourg\",\"isPartOf\":{\"@id\":\"https:\/\/fare.lu\/fr\/#website\"},\"datePublished\":\"2019-02-07T14:50:29+00:00\",\"dateModified\":\"2024-04-26T08:25:00+00:00\",\"description\":\"FARE has progressively grown and firmly established itself as a leading real estate agency in the residential and commercial sector of the Luxembourg property industry.\",\"breadcrumb\":{\"@id\":\"https:\/\/fare.lu\/fr\/your-real-estate-partner-in-luxembourg\/#breadcrumb\"},\"inLanguage\":\"fr-FR\",\"potentialAction\":[{\"@type\":\"ReadAction\",\"target\":[[\"https:\/\/fare.lu\/fr\/your-real-estate-partner-in-luxembourg\/\"]]}]},{\"@type\":\"BreadcrumbList\",\"@id\":\"https:\/\/fare.lu\/fr\/your-real-estate-partner-in-luxembourg\/#breadcrumb\",\"itemListElement\":[{\"@type\":\"ListItem\",\"position\":1,\"name\":\"Home\",\"item\":\"https:\/\/fare.lu\/fr\/\"},{\"@type\":\"ListItem\",\"position\":2,\"name\":\"About Us\"}]},{\"@type\":\"WebSite\",\"@id\":\"https:\/\/fare.lu\/fr\/#website\",\"url\":\"https:\/\/fare.lu\/fr\/\",\"name\":\"FARE - Your Real Estate Partner in Luxembourg \/ House for Sale\/Sell house \/Offices and Lands for sale or to let\",\"description\":\"Votre partenaire immobilier\",\"publisher\":{\"@id\":\"https:\/\/fare.lu\/fr\/#organization\"},\"potentialAction\":[{\"@type\":\"SearchAction\",\"target\":{\"@type\":\"EntryPoint\",\"urlTemplate\":\"https:\/\/fare.lu\/fr\/?s={search_term_string}\"},\"query-input\":{\"@type\":\"PropertyValueSpecification\",\"valueRequired\":true,\"valueName\":\"search_term_string\"}}],\"inLanguage\":\"fr-FR\"},{\"@type\":\"Organization\",\"@id\":\"https:\/\/fare.lu\/fr\/#organization\",\"name\":\"FARE Real Estate Luxembourg\",\"url\":\"https:\/\/fare.lu\/fr\/\",\"logo\":{\"@type\":\"ImageObject\",\"inLanguage\":\"fr-FR\",\"@id\":\"https:\/\/fare.lu\/fr\/#\/schema\/logo\/image\/\",\"url\":\"https:\/\/fare.lu\/wp-content\/uploads\/2020\/01\/FARE-Real-Estate-in-Luxembourg-House-for-sale-Sell-your-house-office-to-let-land-for-sale-Luxembourg-city-center-scaled.jpg\",\"contentUrl\":\"https:\/\/fare.lu\/wp-content\/uploads\/2020\/01\/FARE-Real-Estate-in-Luxembourg-House-for-sale-Sell-your-house-office-to-let-land-for-sale-Luxembourg-city-center-scaled.jpg\",\"width\":2560,\"height\":2560,\"caption\":\"FARE Real Estate Luxembourg\"},\"image\":{\"@id\":\"https:\/\/fare.lu\/fr\/#\/schema\/logo\/image\/\"},\"sameAs\":[\"https:\/\/www.facebook.com\/FARE.realestate\/?eid=ARBianNQrjkuyE3lWZt04frYywAy-mljTznSn1yD_xhxCFrCFmVw9pjxPHGE1ZHcxRBkujBS12sRMkWS&amp;amp;amp;amp;amp;amp;amp;amp;amp;amp;timeline_context_item_type=intro_card_work&amp;amp;amp;amp;amp;amp;amp;amp;amp;amp;timeline_context_item_source=100006475746626&amp;amp;amp;amp;amp;amp;amp;amp;amp;amp;fref=tag\",\"https:\/\/x.com\/FARERealEstate\",\"https:\/\/www.instagram.com\/fare.lu\/\",\"https:\/\/www.linkedin.com\/company\/fare-sa\/\",\"https:\/\/www.youtube.com\/channel\/UC8ykD-d6gZracNzRLJ91vhw\"]}]}<\/script>\n<!-- \/ Yoast SEO plugin. -->","yoast_head_json":{"title":"\u00c0 Propos &#187; Fare &#187; Exclusive &#187; Real Estate &#187; Luxembourg\u00c0 Propos &#187; Fare &#187; Exclusive &#187; Real Estate &#187; Luxembourg","description":"FARE has progressively grown and firmly established itself as a leading real estate agency in the residential and commercial sector of the Luxembourg property industry.","robots":{"index":"index","follow":"follow","max-snippet":"max-snippet:-1","max-image-preview":"max-image-preview:large","max-video-preview":"max-video-preview:-1"},"canonical":"https:\/\/fare.lu\/fr\/your-real-estate-partner-in-luxembourg\/","og_locale":"fr_FR","og_type":"article","og_title":"\u00c0 Propos &#187; Fare &#187; Exclusive &#187; Real Estate &#187; Luxembourg\u00c0 Propos &#187; Fare &#187; Exclusive &#187; Real Estate &#187; Luxembourg","og_description":"FARE has progressively grown and firmly established itself as a leading real estate agency in the residential and commercial sector of the Luxembourg property industry.","og_url":"https:\/\/fare.lu\/fr\/your-real-estate-partner-in-luxembourg\/","og_site_name":"Fare","article_publisher":"https:\/\/www.facebook.com\/FARE.realestate\/?eid=ARBianNQrjkuyE3lWZt04frYywAy-mljTznSn1yD_xhxCFrCFmVw9pjxPHGE1ZHcxRBkujBS12sRMkWS&amp%3bamp%3bamp%3bamp%3bamp%3bamp%3bamp%3bamp%3bamp%3bamp%3btimeline_context_item_type=intro_card_work&amp%3bamp%3bamp%3bamp%3bamp%3bamp%3bamp%3bamp%3bamp%3bamp%3btimeline_context_item_source=100006475746626&amp%3bamp%3bamp%3bamp%3bamp%3bamp%3bamp%3bamp%3bamp%3bamp%3bfref=tag","article_modified_time":"2024-04-26T08:25:00+00:00","twitter_card":"summary_large_image","twitter_site":"@FARERealEstate","twitter_misc":{"Dur\u00e9e de lecture estim\u00e9e":"1 minute"},"schema":{"@context":"https:\/\/schema.org","@graph":[{"@type":"WebPage","@id":"https:\/\/fare.lu\/fr\/your-real-estate-partner-in-luxembourg\/","url":"https:\/\/fare.lu\/fr\/your-real-estate-partner-in-luxembourg\/","name":"\u00c0 Propos &#187; Fare &#187; Exclusive &#187; Real Estate &#187; Luxembourg\u00c0 Propos &#187; Fare &#187; Exclusive &#187; Real Estate &#187; Luxembourg","isPartOf":{"@id":"https:\/\/fare.lu\/fr\/#website"},"datePublished":"2019-02-07T14:50:29+00:00","dateModified":"2024-04-26T08:25:00+00:00","description":"FARE has progressively grown and firmly established itself as a leading real estate agency in the residential and commercial sector of the Luxembourg property industry.","breadcrumb":{"@id":"https:\/\/fare.lu\/fr\/your-real-estate-partner-in-luxembourg\/#breadcrumb"},"inLanguage":"fr-FR","potentialAction":[{"@type":"ReadAction","target":[["https:\/\/fare.lu\/fr\/your-real-estate-partner-in-luxembourg\/"]]}]},{"@type":"BreadcrumbList","@id":"https:\/\/fare.lu\/fr\/your-real-estate-partner-in-luxembourg\/#breadcrumb","itemListElement":[{"@type":"ListItem","position":1,"name":"Home","item":"https:\/\/fare.lu\/fr\/"},{"@type":"ListItem","position":2,"name":"About Us"}]},{"@type":"WebSite","@id":"https:\/\/fare.lu\/fr\/#website","url":"https:\/\/fare.lu\/fr\/","name":"FARE - Your Real Estate Partner in Luxembourg \/ House for Sale\/Sell house \/Offices and Lands for sale or to let","description":"Votre partenaire immobilier","publisher":{"@id":"https:\/\/fare.lu\/fr\/#organization"},"potentialAction":[{"@type":"SearchAction","target":{"@type":"EntryPoint","urlTemplate":"https:\/\/fare.lu\/fr\/?s={search_term_string}"},"query-input":{"@type":"PropertyValueSpecification","valueRequired":true,"valueName":"search_term_string"}}],"inLanguage":"fr-FR"},{"@type":"Organization","@id":"https:\/\/fare.lu\/fr\/#organization","name":"FARE Real Estate Luxembourg","url":"https:\/\/fare.lu\/fr\/","logo":{"@type":"ImageObject","inLanguage":"fr-FR","@id":"https:\/\/fare.lu\/fr\/#\/schema\/logo\/image\/","url":"https:\/\/fare.lu\/wp-content\/uploads\/2020\/01\/FARE-Real-Estate-in-Luxembourg-House-for-sale-Sell-your-house-office-to-let-land-for-sale-Luxembourg-city-center-scaled.jpg","contentUrl":"https:\/\/fare.lu\/wp-content\/uploads\/2020\/01\/FARE-Real-Estate-in-Luxembourg-House-for-sale-Sell-your-house-office-to-let-land-for-sale-Luxembourg-city-center-scaled.jpg","width":2560,"height":2560,"caption":"FARE Real Estate Luxembourg"},"image":{"@id":"https:\/\/fare.lu\/fr\/#\/schema\/logo\/image\/"},"sameAs":["https:\/\/www.facebook.com\/FARE.realestate\/?eid=ARBianNQrjkuyE3lWZt04frYywAy-mljTznSn1yD_xhxCFrCFmVw9pjxPHGE1ZHcxRBkujBS12sRMkWS&amp;amp;amp;amp;amp;amp;amp;amp;amp;amp;timeline_context_item_type=intro_card_work&amp;amp;amp;amp;amp;amp;amp;amp;amp;amp;timeline_context_item_source=100006475746626&amp;amp;amp;amp;amp;amp;amp;amp;amp;amp;fref=tag","https:\/\/x.com\/FARERealEstate","https:\/\/www.instagram.com\/fare.lu\/","https:\/\/www.linkedin.com\/company\/fare-sa\/","https:\/\/www.youtube.com\/channel\/UC8ykD-d6gZracNzRLJ91vhw"]}]}},"_links":{"self":[{"href":"https:\/\/fare.lu\/fr\/wp-json\/wp\/v2\/pages\/7329"}],"collection":[{"href":"https:\/\/fare.lu\/fr\/wp-json\/wp\/v2\/pages"}],"about":[{"href":"https:\/\/fare.lu\/fr\/wp-json\/wp\/v2\/types\/page"}],"author":[{"embeddable":true,"href":"https:\/\/fare.lu\/fr\/wp-json\/wp\/v2\/users\/18"}],"replies":[{"embeddable":true,"href":"https:\/\/fare.lu\/fr\/wp-json\/wp\/v2\/comments?post=7329"}],"version-history":[{"count":125,"href":"https:\/\/fare.lu\/fr\/wp-json\/wp\/v2\/pages\/7329\/revisions"}],"predecessor-version":[{"id":46837,"href":"https:\/\/fare.lu\/fr\/wp-json\/wp\/v2\/pages\/7329\/revisions\/46837"}],"wp:attachment":[{"href":"https:\/\/fare.lu\/fr\/wp-json\/wp\/v2\/media?parent=7329"}],"curies":[{"name":"wp","href":"https:\/\/api.w.org\/{rel}","templated":true}]}}