{"id":32631,"date":"2021-07-06T15:21:16","date_gmt":"2021-07-06T13:21:16","guid":{"rendered":"https:\/\/www.fare.lu\/?page_id=32631"},"modified":"2021-07-23T17:47:08","modified_gmt":"2021-07-23T15:47:08","slug":"concours","status":"publish","type":"page","link":"https:\/\/fare.lu\/fr\/concours\/","title":{"rendered":"Concours"},"content":{"rendered":"<p>[vc_row row_content_width=\u00a0\u00bbgrid\u00a0\u00bb disable_background_image=\u00a0\u00bb\u00a0\u00bb content_text_aligment=\u00a0\u00bbleft\u00a0\u00bb simple_background_image=\u00a0\u00bb6630&Prime;][vc_column]<div class=\"qodef-elements-holder   qodef-one-column  qodef-responsive-mode-768 \" ><div class=\"qodef-eh-item    \"  data-item-class=\"qodef-eh-custom-6053\" data-1280-1600=\"129px 0\" data-1024-1280=\"129px 0\" data-768-1024=\"113px 7% 134px\" data-680-768=\"113px 0 134px\" data-680=\"113px 0 134px\">\n\t<div class=\"qodef-eh-item-inner\">\n\t\t<div class=\"qodef-eh-item-content qodef-eh-custom-6053\" style=\"padding: 129px 0\">\n\t\t\t<h2 class=\"qodef-custom-font-holder  qodef-cf-1433  \" style=\"font-size: 72px;line-height: 64px;text-align: left;color: #ffffff\" data-item-class=\"qodef-cf-1433\" data-font-size-680=\"57px\">\n\tConcours<\/h2>\t\t<\/div>\n\t<\/div>\n<\/div><\/div>[\/vc_column][\/vc_row][vc_row row_content_width=\u00a0\u00bbgrid\u00a0\u00bb simple_background_color=\u00a0\u00bb#ffffff\u00a0\u00bb css=\u00a0\u00bb.vc_custom_1520326272848{padding-top: 98px !important;padding-bottom: 140px !important;}\u00a0\u00bb][vc_column offset=\u00a0\u00bbvc_col-lg-6 vc_col-md-12&Prime;]<div class=\"qodef-elements-holder   qodef-one-column  qodef-responsive-mode-768 \" ><div class=\"qodef-eh-item    qodef-element-from-left\"  data-item-class=\"qodef-eh-custom-9159\" data-animation=\"qodef-element-from-left\" data-1280-1600=\"0 11px 0 0\" data-1024-1280=\"0 0 0 0\" data-768-1024=\"0 0 29px 0\" data-680-768=\"0 0 29px 0\" data-680=\"0 0 29px 0\">\n\t<div class=\"qodef-eh-item-inner\">\n\t\t<div class=\"qodef-eh-item-content qodef-eh-custom-9159\" style=\"padding: 0 33px 0 0\">\n\t\t\t[vc_column_text]<\/p>\n<h1>Titre<\/h1>\n<p>[\/vc_column_text][vc_empty_space height=\u00a0\u00bb10px\u00a0\u00bb][vc_column_text]Lorem ipsum dolor sit amet, consectetur adipiscing elit, sed do eiusmod tempor incididunt ut labore et dolore magna aliqua. Ut enim ad minim veniam, quis nostrud exercitation ullamco laboris nisi ut aliquip ex ea commodo consequat.<\/p>\n<p>Duis aute irure dolor in reprehenderit in voluptate velit esse cillum dolore eu fugiat nulla pariatur. Excepteur sint occaecat cupidatat non proident, sunt in culpa qui officia deserunt mollit anim id est laborum.<\/p>\n<p>Duis aute irure dolor in reprehenderit in voluptate velit esse cillum dolore eu fugiat nulla pariatur. Excepteur sint occaecat cupidatat non proident, sunt in culpa qui officia deserunt mollit anim id est laborum.[\/vc_column_text]\t\t<\/div>\n\t<\/div>\n<\/div><\/div>[\/vc_column][vc_column offset=\u00a0\u00bbvc_col-lg-6 vc_col-md-12&Prime;][vc_column_text]<\/p>\n<h2>Communiquez nous vos coordonn\u00e9es<\/h2>\n<p>[\/vc_column_text][vc_empty_space height=\u00a0\u00bb20px\u00a0\u00bb]<p class=\"wpcf7-contact-form-not-found\"><strong>Erreur\u00a0:<\/strong> Formulaire de contact non trouv\u00e9\u00a0!<\/p>[vc_message](Veuillez noter qu&rsquo;en saisissant vos donn\u00e9es, vous nous autorisez \u00e0 vous contacter de temps en temps avec des offres pertinentes de FARE SA, nous ne fournissons pas vos coordonn\u00e9es \u00e0 des tiers).[\/vc_message][\/vc_column][\/vc_row]<\/p>","protected":false},"excerpt":{"rendered":"<p>[vc_row row_content_width=\u00a0\u00bbgrid\u00a0\u00bb disable_background_image=\u00a0\u00bb\u00a0\u00bb content_text_aligment=\u00a0\u00bbleft\u00a0\u00bb simple_background_image=\u00a0\u00bb6630&Prime;][vc_column][\/vc_column][\/vc_row][vc_row row_content_width=\u00a0\u00bbgrid\u00a0\u00bb simple_background_color=\u00a0\u00bb#ffffff\u00a0\u00bb css=\u00a0\u00bb.vc_custom_1520326272848{padding-top: 98px !important;padding-bottom: 140px !important;}\u00a0\u00bb][vc_column offset=\u00a0\u00bbvc_col-lg-6 vc_col-md-12&Prime;][\/vc_column][vc_column offset=\u00a0\u00bbvc_col-lg-6 vc_col-md-12&Prime;][vc_column_text] Communiquez nous vos coordonn\u00e9es [\/vc_column_text][vc_empty_space height=\u00a0\u00bb20px\u00a0\u00bb][vc_message](Veuillez noter qu&rsquo;en saisissant vos donn\u00e9es, vous nous autorisez \u00e0 vous contacter de temps en temps avec des offres [&hellip;]<\/p>\n","protected":false},"author":18,"featured_media":0,"parent":0,"menu_order":0,"comment_status":"closed","ping_status":"closed","template":"full-width.php","meta":{"_acf_changed":false,"footnotes":""},"acf":[],"yoast_head":"<!-- This site is optimized with the Yoast SEO plugin v24.1 - https:\/\/yoast.com\/wordpress\/plugins\/seo\/ -->\n<title>Concours &#187; Fare<\/title>\n<meta name=\"robots\" content=\"index, follow, max-snippet:-1, max-image-preview:large, max-video-preview:-1\" \/>\n<link rel=\"canonical\" href=\"https:\/\/fare.lu\/fr\/concours\/\" \/>\n<meta property=\"og:locale\" content=\"fr_FR\" \/>\n<meta property=\"og:type\" content=\"article\" \/>\n<meta property=\"og:title\" content=\"Concours &#187; Fare\" \/>\n<meta property=\"og:description\" content=\"[vc_row row_content_width=\u00a0\u00bbgrid\u00a0\u00bb disable_background_image=\u00a0\u00bb\u00a0\u00bb content_text_aligment=\u00a0\u00bbleft\u00a0\u00bb simple_background_image=\u00a0\u00bb6630&Prime;][vc_column][\/vc_column][\/vc_row][vc_row row_content_width=\u00a0\u00bbgrid\u00a0\u00bb simple_background_color=\u00a0\u00bb#ffffff\u00a0\u00bb css=\u00a0\u00bb.vc_custom_1520326272848{padding-top: 98px !important;padding-bottom: 140px !important;}\u00a0\u00bb][vc_column offset=\u00a0\u00bbvc_col-lg-6 vc_col-md-12&Prime;][\/vc_column][vc_column offset=\u00a0\u00bbvc_col-lg-6 vc_col-md-12&Prime;][vc_column_text] Communiquez nous vos coordonn\u00e9es [\/vc_column_text][vc_empty_space height=\u00a0\u00bb20px\u00a0\u00bb][vc_message](Veuillez noter qu&rsquo;en saisissant vos donn\u00e9es, vous nous autorisez \u00e0 vous contacter de temps en temps avec des offres [&hellip;]\" \/>\n<meta property=\"og:url\" content=\"https:\/\/fare.lu\/fr\/concours\/\" \/>\n<meta property=\"og:site_name\" content=\"Fare\" \/>\n<meta property=\"article:publisher\" content=\"https:\/\/www.facebook.com\/FARE.realestate\/?eid=ARBianNQrjkuyE3lWZt04frYywAy-mljTznSn1yD_xhxCFrCFmVw9pjxPHGE1ZHcxRBkujBS12sRMkWS&amp;amp%3bamp%3bamp%3bamp%3bamp%3bamp%3bamp%3bamp%3bamp%3bamp%3btimeline_context_item_type=intro_card_work&amp;amp%3bamp%3bamp%3bamp%3bamp%3bamp%3bamp%3bamp%3bamp%3bamp%3btimeline_context_item_source=100006475746626&amp;amp%3bamp%3bamp%3bamp%3bamp%3bamp%3bamp%3bamp%3bamp%3bamp%3bfref=tag\" \/>\n<meta property=\"article:modified_time\" content=\"2021-07-23T15:47:08+00:00\" \/>\n<meta name=\"twitter:card\" content=\"summary_large_image\" \/>\n<meta name=\"twitter:site\" content=\"@FARERealEstate\" \/>\n<meta name=\"twitter:label1\" content=\"Dur\u00e9e de lecture estim\u00e9e\" \/>\n\t<meta name=\"twitter:data1\" content=\"6 minutes\" \/>\n<script type=\"application\/ld+json\" class=\"yoast-schema-graph\">{\"@context\":\"https:\/\/schema.org\",\"@graph\":[{\"@type\":\"WebPage\",\"@id\":\"https:\/\/fare.lu\/fr\/concours\/\",\"url\":\"https:\/\/fare.lu\/fr\/concours\/\",\"name\":\"Concours &#187; Fare\",\"isPartOf\":{\"@id\":\"https:\/\/fare.lu\/fr\/#website\"},\"datePublished\":\"2021-07-06T13:21:16+00:00\",\"dateModified\":\"2021-07-23T15:47:08+00:00\",\"breadcrumb\":{\"@id\":\"https:\/\/fare.lu\/fr\/concours\/#breadcrumb\"},\"inLanguage\":\"fr-FR\",\"potentialAction\":[{\"@type\":\"ReadAction\",\"target\":[[\"https:\/\/fare.lu\/fr\/concours\/\"]]}]},{\"@type\":\"BreadcrumbList\",\"@id\":\"https:\/\/fare.lu\/fr\/concours\/#breadcrumb\",\"itemListElement\":[{\"@type\":\"ListItem\",\"position\":1,\"name\":\"Home\",\"item\":\"https:\/\/fare.lu\/fr\/\"},{\"@type\":\"ListItem\",\"position\":2,\"name\":\"Concours\"}]},{\"@type\":\"WebSite\",\"@id\":\"https:\/\/fare.lu\/fr\/#website\",\"url\":\"https:\/\/fare.lu\/fr\/\",\"name\":\"FARE - Your Real Estate Partner in Luxembourg \/ House for Sale\/Sell house \/Offices and Lands for sale or to let\",\"description\":\"Votre partenaire immobilier\",\"publisher\":{\"@id\":\"https:\/\/fare.lu\/fr\/#organization\"},\"potentialAction\":[{\"@type\":\"SearchAction\",\"target\":{\"@type\":\"EntryPoint\",\"urlTemplate\":\"https:\/\/fare.lu\/fr\/?s={search_term_string}\"},\"query-input\":{\"@type\":\"PropertyValueSpecification\",\"valueRequired\":true,\"valueName\":\"search_term_string\"}}],\"inLanguage\":\"fr-FR\"},{\"@type\":\"Organization\",\"@id\":\"https:\/\/fare.lu\/fr\/#organization\",\"name\":\"FARE Real Estate Luxembourg\",\"url\":\"https:\/\/fare.lu\/fr\/\",\"logo\":{\"@type\":\"ImageObject\",\"inLanguage\":\"fr-FR\",\"@id\":\"https:\/\/fare.lu\/fr\/#\/schema\/logo\/image\/\",\"url\":\"https:\/\/fare.lu\/wp-content\/uploads\/2020\/01\/FARE-Real-Estate-in-Luxembourg-House-for-sale-Sell-your-house-office-to-let-land-for-sale-Luxembourg-city-center-scaled.jpg\",\"contentUrl\":\"https:\/\/fare.lu\/wp-content\/uploads\/2020\/01\/FARE-Real-Estate-in-Luxembourg-House-for-sale-Sell-your-house-office-to-let-land-for-sale-Luxembourg-city-center-scaled.jpg\",\"width\":2560,\"height\":2560,\"caption\":\"FARE Real Estate Luxembourg\"},\"image\":{\"@id\":\"https:\/\/fare.lu\/fr\/#\/schema\/logo\/image\/\"},\"sameAs\":[\"https:\/\/www.facebook.com\/FARE.realestate\/?eid=ARBianNQrjkuyE3lWZt04frYywAy-mljTznSn1yD_xhxCFrCFmVw9pjxPHGE1ZHcxRBkujBS12sRMkWS&amp;amp;amp;amp;amp;amp;amp;amp;amp;amp;timeline_context_item_type=intro_card_work&amp;amp;amp;amp;amp;amp;amp;amp;amp;amp;timeline_context_item_source=100006475746626&amp;amp;amp;amp;amp;amp;amp;amp;amp;amp;fref=tag\",\"https:\/\/x.com\/FARERealEstate\",\"https:\/\/www.instagram.com\/fare.lu\/\",\"https:\/\/www.linkedin.com\/company\/fare-sa\/\",\"https:\/\/www.youtube.com\/channel\/UC8ykD-d6gZracNzRLJ91vhw\"]}]}<\/script>\n<!-- \/ Yoast SEO plugin. -->","yoast_head_json":{"title":"Concours &#187; Fare","robots":{"index":"index","follow":"follow","max-snippet":"max-snippet:-1","max-image-preview":"max-image-preview:large","max-video-preview":"max-video-preview:-1"},"canonical":"https:\/\/fare.lu\/fr\/concours\/","og_locale":"fr_FR","og_type":"article","og_title":"Concours &#187; Fare","og_description":"[vc_row row_content_width=\u00a0\u00bbgrid\u00a0\u00bb disable_background_image=\u00a0\u00bb\u00a0\u00bb content_text_aligment=\u00a0\u00bbleft\u00a0\u00bb simple_background_image=\u00a0\u00bb6630&Prime;][vc_column][\/vc_column][\/vc_row][vc_row row_content_width=\u00a0\u00bbgrid\u00a0\u00bb simple_background_color=\u00a0\u00bb#ffffff\u00a0\u00bb css=\u00a0\u00bb.vc_custom_1520326272848{padding-top: 98px !important;padding-bottom: 140px !important;}\u00a0\u00bb][vc_column offset=\u00a0\u00bbvc_col-lg-6 vc_col-md-12&Prime;][\/vc_column][vc_column offset=\u00a0\u00bbvc_col-lg-6 vc_col-md-12&Prime;][vc_column_text] Communiquez nous vos coordonn\u00e9es [\/vc_column_text][vc_empty_space height=\u00a0\u00bb20px\u00a0\u00bb][vc_message](Veuillez noter qu&rsquo;en saisissant vos donn\u00e9es, vous nous autorisez \u00e0 vous contacter de temps en temps avec des offres [&hellip;]","og_url":"https:\/\/fare.lu\/fr\/concours\/","og_site_name":"Fare","article_publisher":"https:\/\/www.facebook.com\/FARE.realestate\/?eid=ARBianNQrjkuyE3lWZt04frYywAy-mljTznSn1yD_xhxCFrCFmVw9pjxPHGE1ZHcxRBkujBS12sRMkWS&amp%3bamp%3bamp%3bamp%3bamp%3bamp%3bamp%3bamp%3bamp%3bamp%3btimeline_context_item_type=intro_card_work&amp%3bamp%3bamp%3bamp%3bamp%3bamp%3bamp%3bamp%3bamp%3bamp%3btimeline_context_item_source=100006475746626&amp%3bamp%3bamp%3bamp%3bamp%3bamp%3bamp%3bamp%3bamp%3bamp%3bfref=tag","article_modified_time":"2021-07-23T15:47:08+00:00","twitter_card":"summary_large_image","twitter_site":"@FARERealEstate","twitter_misc":{"Dur\u00e9e de lecture estim\u00e9e":"6 minutes"},"schema":{"@context":"https:\/\/schema.org","@graph":[{"@type":"WebPage","@id":"https:\/\/fare.lu\/fr\/concours\/","url":"https:\/\/fare.lu\/fr\/concours\/","name":"Concours &#187; Fare","isPartOf":{"@id":"https:\/\/fare.lu\/fr\/#website"},"datePublished":"2021-07-06T13:21:16+00:00","dateModified":"2021-07-23T15:47:08+00:00","breadcrumb":{"@id":"https:\/\/fare.lu\/fr\/concours\/#breadcrumb"},"inLanguage":"fr-FR","potentialAction":[{"@type":"ReadAction","target":[["https:\/\/fare.lu\/fr\/concours\/"]]}]},{"@type":"BreadcrumbList","@id":"https:\/\/fare.lu\/fr\/concours\/#breadcrumb","itemListElement":[{"@type":"ListItem","position":1,"name":"Home","item":"https:\/\/fare.lu\/fr\/"},{"@type":"ListItem","position":2,"name":"Concours"}]},{"@type":"WebSite","@id":"https:\/\/fare.lu\/fr\/#website","url":"https:\/\/fare.lu\/fr\/","name":"FARE - Your Real Estate Partner in Luxembourg \/ House for Sale\/Sell house \/Offices and Lands for sale or to let","description":"Votre partenaire immobilier","publisher":{"@id":"https:\/\/fare.lu\/fr\/#organization"},"potentialAction":[{"@type":"SearchAction","target":{"@type":"EntryPoint","urlTemplate":"https:\/\/fare.lu\/fr\/?s={search_term_string}"},"query-input":{"@type":"PropertyValueSpecification","valueRequired":true,"valueName":"search_term_string"}}],"inLanguage":"fr-FR"},{"@type":"Organization","@id":"https:\/\/fare.lu\/fr\/#organization","name":"FARE Real Estate Luxembourg","url":"https:\/\/fare.lu\/fr\/","logo":{"@type":"ImageObject","inLanguage":"fr-FR","@id":"https:\/\/fare.lu\/fr\/#\/schema\/logo\/image\/","url":"https:\/\/fare.lu\/wp-content\/uploads\/2020\/01\/FARE-Real-Estate-in-Luxembourg-House-for-sale-Sell-your-house-office-to-let-land-for-sale-Luxembourg-city-center-scaled.jpg","contentUrl":"https:\/\/fare.lu\/wp-content\/uploads\/2020\/01\/FARE-Real-Estate-in-Luxembourg-House-for-sale-Sell-your-house-office-to-let-land-for-sale-Luxembourg-city-center-scaled.jpg","width":2560,"height":2560,"caption":"FARE Real Estate Luxembourg"},"image":{"@id":"https:\/\/fare.lu\/fr\/#\/schema\/logo\/image\/"},"sameAs":["https:\/\/www.facebook.com\/FARE.realestate\/?eid=ARBianNQrjkuyE3lWZt04frYywAy-mljTznSn1yD_xhxCFrCFmVw9pjxPHGE1ZHcxRBkujBS12sRMkWS&amp;amp;amp;amp;amp;amp;amp;amp;amp;amp;timeline_context_item_type=intro_card_work&amp;amp;amp;amp;amp;amp;amp;amp;amp;amp;timeline_context_item_source=100006475746626&amp;amp;amp;amp;amp;amp;amp;amp;amp;amp;fref=tag","https:\/\/x.com\/FARERealEstate","https:\/\/www.instagram.com\/fare.lu\/","https:\/\/www.linkedin.com\/company\/fare-sa\/","https:\/\/www.youtube.com\/channel\/UC8ykD-d6gZracNzRLJ91vhw"]}]}},"_links":{"self":[{"href":"https:\/\/fare.lu\/fr\/wp-json\/wp\/v2\/pages\/32631"}],"collection":[{"href":"https:\/\/fare.lu\/fr\/wp-json\/wp\/v2\/pages"}],"about":[{"href":"https:\/\/fare.lu\/fr\/wp-json\/wp\/v2\/types\/page"}],"author":[{"embeddable":true,"href":"https:\/\/fare.lu\/fr\/wp-json\/wp\/v2\/users\/18"}],"replies":[{"embeddable":true,"href":"https:\/\/fare.lu\/fr\/wp-json\/wp\/v2\/comments?post=32631"}],"version-history":[{"count":31,"href":"https:\/\/fare.lu\/fr\/wp-json\/wp\/v2\/pages\/32631\/revisions"}],"predecessor-version":[{"id":33183,"href":"https:\/\/fare.lu\/fr\/wp-json\/wp\/v2\/pages\/32631\/revisions\/33183"}],"wp:attachment":[{"href":"https:\/\/fare.lu\/fr\/wp-json\/wp\/v2\/media?parent=32631"}],"curies":[{"name":"wp","href":"https:\/\/api.w.org\/{rel}","templated":true}]}}