{"id":2104,"date":"2018-08-10T13:23:23","date_gmt":"2018-08-10T11:23:23","guid":{"rendered":"https:\/\/www.fare.lu\/?page_id=2104"},"modified":"2023-09-14T00:04:22","modified_gmt":"2023-09-13T22:04:22","slug":"contact","status":"publish","type":"page","link":"https:\/\/fare.lu\/fr\/contact\/","title":{"rendered":"Contactez-nous"},"content":{"rendered":"<p><\/p>\n<p>[vc_row row_content_width=\u00a0\u00bbgrid\u00a0\u00bb disable_background_image=\u00a0\u00bb\u00a0\u00bb content_text_aligment=\u00a0\u00bbleft\u00a0\u00bb simple_background_image=\u00a0\u00bb6630&Prime;][vc_column]<div class=\"qodef-elements-holder   qodef-one-column  qodef-responsive-mode-768 \" ><div class=\"qodef-eh-item    \"  data-item-class=\"qodef-eh-custom-4200\" data-1280-1600=\"129px 0\" data-1024-1280=\"129px 0\" data-768-1024=\"113px 7% 134px\" data-680-768=\"113px 0 134px\" data-680=\"113px 0 134px\">\n\t<div class=\"qodef-eh-item-inner\">\n\t\t<div class=\"qodef-eh-item-content qodef-eh-custom-4200\" style=\"padding: 129px 0\">\n\t\t\t<h2 class=\"qodef-custom-font-holder  qodef-cf-6866  \" style=\"font-size: 72px;line-height: 64px;text-align: left;color: #ffffff\" data-item-class=\"qodef-cf-6866\" data-font-size-680=\"57px\">\n\tContactez-nous<\/h2>\t\t<\/div>\n\t<\/div>\n<\/div><\/div>[\/vc_column][\/vc_row][vc_row row_content_width=\u00a0\u00bbgrid\u00a0\u00bb simple_background_color=\u00a0\u00bb#ffffff\u00a0\u00bb css=\u00a0\u00bb.vc_custom_1520326272848{padding-top: 98px !important;padding-bottom: 140px !important;}\u00a0\u00bb][vc_column offset=\u00a0\u00bbvc_col-lg-6 vc_col-md-12&Prime;]<div class=\"qodef-elements-holder   qodef-one-column  qodef-responsive-mode-768 \" ><div class=\"qodef-eh-item    qodef-element-from-left\"  data-item-class=\"qodef-eh-custom-4776\" data-animation=\"qodef-element-from-left\" data-1280-1600=\"0 11px 0 0\" data-1024-1280=\"0 0 0 0\" data-768-1024=\"0 0 29px 0\" data-680-768=\"0 0 29px 0\" data-680=\"0 0 29px 0\">\n\t<div class=\"qodef-eh-item-inner\">\n\t\t<div class=\"qodef-eh-item-content qodef-eh-custom-4776\" style=\"padding: 0 33px 0 0\">\n\t\t\t[vc_column_text]<\/p>\n<h1>A propos de nous<\/h1>\n<p>[\/vc_column_text][vc_empty_space height=\u00a0\u00bb10px\u00a0\u00bb][vc_column_text]<\/p>\n<p class=\"p1\"><span class=\"s1\">FARE s\u2019est d\u00e9velopp\u00e9e progressivement dans le secteur de l\u2019immobilier et s\u2019est \u00e9tablie en tant qu\u2019agence immobili\u00e8re leader dans le secteur r\u00e9sidentiel et commercial au Luxembourg.<\/span><\/p>\n<p class=\"p1\"><span class=\"s1\">Avec plus de 40 ans d\u2019exp\u00e9rience et apr\u00e8s avoir d\u00e9montr\u00e9 de nombreux succ\u00e8s , FARE est connue pour son excellent service client et son approche personnalis\u00e9e et \u00e0 la fois innovante de l\u2019immobilier.<\/span><\/p>\n<p class=\"p1\"><span class=\"s1\">Que vous cherchiez \u00e0 vendre une propri\u00e9t\u00e9 \u00e0 la campagne ou \u00e0 louer votre premier appartement en ville, FARE vous assure un exceptionnel service sur mesure afin de satisfaire parfaitement vos exigences.<\/span><\/p>\n<p class=\"p1\"><span class=\"s1\">Pour faire de leur r\u00eave un r\u00e9alit\u00e9, nos clients peuvent faire confiance \u00e0 l\u2019expertise et l\u2019exp\u00e9rience de notre \u00e9quipe d\u2019agents immobiliers connue pour son sens du d\u00e9tail et son d\u00e9vouement.<\/span><\/p>\n<p class=\"p1\"><span class=\"s1\">Que vous soyez propri\u00e9taire, investisseur, locataire ou acheteur, soyez s\u00fbrs que nous mettrons tout en oeuvre pour trouver la meilleure r\u00e9ponse \u00e0 vos besoins immobiliers.<\/span><\/p>\n<p>[\/vc_column_text][vc_empty_space height=\u00a0\u00bb20px\u00a0\u00bb]<div class=\"qodef-iwt clearfix  qodef-iwt-icon-left-from-title qodef-iwt-icon-medium\">\n\t<div class=\"qodef-iwt-content\" >\n\t\t\t\t\t<h6 class=\"qodef-iwt-title\" style=\"color: #5b5a5a;margin-top: 10px\">\n\t\t\t\t\t\t\t\t\t<span class=\"qodef-iwt-icon\">\n\t\t\t\t\t\t\t\t\t\t\t\t\t    <span class=\"qodef-icon-shortcode qodef-normal   qodef-icon-medium\"  data-color=\"#000000\">\n                    <i class=\"qodef-icon-simple-line-icon icon-location-pin qodef-icon-element\" style=\"color: #000000;font-size:14px\" ><\/i>            <\/span>\n\t\t\t\t\t\t\t\t\t\t\t<\/span>\n\t\t\t\t\t<span class=\"qodef-iwt-title-text\">2, Massewee L-6186 Gonderange<\/span>\n\t\t\t\t\t\t\t<\/h6>\n\t\t\t\t\t<\/div>\n<\/div><div class=\"qodef-iwt clearfix  qodef-iwt-icon-left-from-title qodef-iwt-icon-medium\">\n\t<div class=\"qodef-iwt-content\" >\n\t\t\t\t\t<h6 class=\"qodef-iwt-title\" style=\"color: #5b5a5a;margin-top: 10px\">\n\t\t\t\t\t\t\t\t\t<a itemprop=\"url\" href=\"tel:(+352)%2026%20897%20897\" target=\"_self\">\n\t\t\t\t\t\t\t\t\t<span class=\"qodef-iwt-icon\">\n\t\t\t\t\t\t\t\t\t\t\t\t\t    <span class=\"qodef-icon-shortcode qodef-normal   qodef-icon-medium\"  data-color=\"#000000\">\n                    <i class=\"qodef-icon-simple-line-icon icon-call-end qodef-icon-element\" style=\"color: #000000;font-size:14px\" ><\/i>            <\/span>\n\t\t\t\t\t\t\t\t\t\t\t<\/span>\n\t\t\t\t\t<span class=\"qodef-iwt-title-text\">(+352) 26 897 897<\/span>\n\t\t\t\t\t\t\t\t\t<\/a>\n\t\t\t\t\t\t\t<\/h6>\n\t\t\t\t\t<\/div>\n<\/div><div class=\"qodef-iwt clearfix  qodef-iwt-icon-left-from-title qodef-iwt-icon-medium\">\n\t<div class=\"qodef-iwt-content\" >\n\t\t\t\t\t<h6 class=\"qodef-iwt-title\" style=\"color: #5b5a5a;margin-top: 10px\">\n\t\t\t\t\t\t\t\t\t<a itemprop=\"url\" href=\"mailto:contact@fare.lu\" target=\"_self\">\n\t\t\t\t\t\t\t\t\t<span class=\"qodef-iwt-icon\">\n\t\t\t\t\t\t\t\t\t\t\t\t\t    <span class=\"qodef-icon-shortcode qodef-normal   qodef-icon-medium\"  data-color=\"#000000\">\n                    <i class=\"qodef-icon-simple-line-icon icon-envelope qodef-icon-element\" style=\"color: #000000;font-size:14px\" ><\/i>            <\/span>\n\t\t\t\t\t\t\t\t\t\t\t<\/span>\n\t\t\t\t\t<span class=\"qodef-iwt-title-text\">support@fare.lu<\/span>\n\t\t\t\t\t\t\t\t\t<\/a>\n\t\t\t\t\t\t\t<\/h6>\n\t\t\t\t\t<\/div>\n<\/div>[vc_empty_space height=\u00a0\u00bb31px\u00a0\u00bb][vc_column_text]N&rsquo;oubliez pas de nous suivre sur:[\/vc_column_text][vc_empty_space height=\u00a0\u00bb4px\u00a0\u00bb]    <span class=\"qodef-icon-shortcode qodef-normal   \" style=\"margin: 0 0 0 16px\" data-hover-color=\"#eb111d\" data-color=\"#010101\">\n                    <a itemprop=\"url\" class=\"\" href=\"https:\/\/www.facebook.com\/FARE.realestate\/\" target=\"_blank\">\n                    <i class=\"qodef-icon-font-awesome fa fa-facebook qodef-icon-element\" style=\"color: #010101;font-size:15px\" ><\/i>                    <\/a>\n            <\/span>\n    <span class=\"qodef-icon-shortcode qodef-normal   \" style=\"margin: 0 0 0 16px\" data-hover-color=\"#eb111d\" data-color=\"#010101\">\n                    <a itemprop=\"url\" class=\"\" href=\"https:\/\/www.linkedin.com\/company\/fare-sa?trk=company_name\" target=\"_blank\">\n                    <i class=\"qodef-icon-font-awesome fa fa-linkedin qodef-icon-element\" style=\"color: #010101;font-size:15px\" ><\/i>                    <\/a>\n            <\/span>\n    <span class=\"qodef-icon-shortcode qodef-normal   \" style=\"margin: 0 0 0 16px\" data-hover-color=\"#eb111d\" data-color=\"#010101\">\n                    <a itemprop=\"url\" class=\"\" href=\"https:\/\/www.instagram.com\/fare.lu\/\" target=\"_blank\">\n                    <i class=\"qodef-icon-font-awesome fa fa-instagram qodef-icon-element\" style=\"color: #010101;font-size:15px\" ><\/i>                    <\/a>\n            <\/span>\n\t\t<\/div>\n\t<\/div>\n<\/div><\/div>[\/vc_column][vc_column offset=\u00a0\u00bbvc_col-lg-6 vc_col-md-12&Prime;][vc_column_text]<\/p>\n<h2>Communiquez nous vos coordonn\u00e9es, un agent Fare vous contactera dans les meilleurs d\u00e9lais.<\/h2>\n<p>[\/vc_column_text][vc_empty_space height=\u00a0\u00bb20px\u00a0\u00bb]\n<div class=\"wpcf7 no-js\" id=\"wpcf7-f2110-o2\" lang=\"en-US\" dir=\"ltr\">\n<div class=\"screen-reader-response\"><p role=\"status\" aria-live=\"polite\" aria-atomic=\"true\"><\/p> <ul><\/ul><\/div>\n<form action=\"\/fr\/wp-json\/wp\/v2\/pages\/2104#wpcf7-f2110-o2\" method=\"post\" class=\"wpcf7-form init cf7_custom_style_1\" aria-label=\"Contact form\" novalidate=\"novalidate\" data-status=\"init\">\n<div style=\"display: none;\">\n<input type=\"hidden\" name=\"_wpcf7\" value=\"2110\" \/>\n<input type=\"hidden\" name=\"_wpcf7_version\" value=\"5.8.6\" \/>\n<input type=\"hidden\" name=\"_wpcf7_locale\" value=\"en_US\" \/>\n<input type=\"hidden\" name=\"_wpcf7_unit_tag\" value=\"wpcf7-f2110-o2\" \/>\n<input type=\"hidden\" name=\"_wpcf7_container_post\" value=\"0\" \/>\n<input type=\"hidden\" name=\"_wpcf7_posted_data_hash\" value=\"\" \/>\n<\/div>\n<p><span class=\"wpcf7-form-control-wrap\" data-name=\"your-name\"><input size=\"40\" class=\"wpcf7-form-control wpcf7-text wpcf7-validates-as-required\" aria-required=\"true\" aria-invalid=\"false\" placeholder=\"NOM\" value=\"\" type=\"text\" name=\"your-name\" \/><\/span><br \/>\n<span class=\"wpcf7-form-control-wrap\" data-name=\"your-email\"><input size=\"40\" class=\"wpcf7-form-control wpcf7-email wpcf7-validates-as-required wpcf7-text wpcf7-validates-as-email\" aria-required=\"true\" aria-invalid=\"false\" placeholder=\"E-MAIL\" value=\"\" type=\"email\" name=\"your-email\" \/><\/span><br \/>\n<span class=\"wpcf7-form-control-wrap\" data-name=\"your-phone\"><input size=\"40\" class=\"wpcf7-form-control wpcf7-text wpcf7-validates-as-required\" aria-required=\"true\" aria-invalid=\"false\" placeholder=\"T\u00c9L\u00c9PHONE\" value=\"\" type=\"text\" name=\"your-phone\" \/><\/span><br \/>\n<span class=\"wpcf7-form-control-wrap\" data-name=\"your-subject\"><select class=\"wpcf7-form-control wpcf7-select wpcf7-validates-as-required\" aria-required=\"true\" aria-invalid=\"false\" name=\"your-subject\"><option value=\"Demander plus d&#039;infos\">Demander plus d&#039;infos<\/option><option value=\"Demander un rendez-vous\">Demander un rendez-vous<\/option><option value=\"Demander \u00e0 \u00eatre rappel\u00e9(e)\">Demander \u00e0 \u00eatre rappel\u00e9(e)<\/option><option value=\"Demander plus de photos\">Demander plus de photos<\/option><\/select><\/span><br \/>\n<span class=\"wpcf7-form-control-wrap\" data-name=\"your-address\"><textarea cols=\"40\" rows=\"3\" class=\"wpcf7-form-control wpcf7-textarea wpcf7-validates-as-required\" aria-required=\"true\" aria-invalid=\"false\" placeholder=\"ADDRESS\" name=\"your-address\"><\/textarea><\/span><span class=\"wpcf7-form-control-wrap\" data-name=\"your-message\"><textarea cols=\"40\" rows=\"10\" class=\"wpcf7-form-control wpcf7-textarea wpcf7-validates-as-required\" aria-required=\"true\" aria-invalid=\"false\" name=\"your-message\">Bonjour,\n\nJe suis int\u00e9ress\u00e9(e) par votre annonce et je souhaiterais plus de renseignements sur ce bien. Pourriez-vous me recontacter \u00e0 ce sujet ?\n\nMerci.<\/textarea><\/span>\n<\/p>\n<p><span class=\"wpcf7-form-control-wrap\" data-name=\"acceptance-1\"><span class=\"wpcf7-form-control wpcf7-acceptance\"><span class=\"wpcf7-list-item\"><label><input type=\"checkbox\" name=\"acceptance-1\" value=\"1\" aria-invalid=\"false\" \/><span class=\"wpcf7-list-item-label\">* Oui, j'ai lu et compris la <a href='\/privacy-policy\/'>politique de confidentialit\u00e9<\/a> sur le traitement des donn\u00e9es personnelles et accepte l'utilisation par Fare SA de ces derni\u00e8res pour r\u00e9pondre \u00e0 ma demande.<\/span><\/label><\/span><\/span><\/span>\n<\/p>\n<p><input class=\"wpcf7-form-control wpcf7-submit has-spinner\" type=\"submit\" value=\"Envoyer\" \/>\n<\/p>\n\n<div class=\"wpcf7-response-output\" aria-hidden=\"true\"><\/div>\n<\/form>\n<\/div>\n[vc_message](Veuillez noter qu&rsquo;en saisissant vos donn\u00e9es, vous nous autorisez \u00e0 vous contacter de temps en temps avec des offres pertinentes de FARE SA, nous ne fournissons pas vos coordonn\u00e9es \u00e0 des tiers).[\/vc_message][\/vc_column][\/vc_row][vc_row][vc_column]<div class=\"qodef-google-map-holder\">\n\t<div class=\"qodef-google-map\" id=\"qodef-map-2184954\" data-addresses='[\"1 Rue du Verger L-2665 Luxembourg\"]' data-custom-map-style=no data-color-overlay=#393939 data-saturation=-100 data-lightness=-60 data-zoom=15 data-pin=https:\/\/fare.lu\/wp-content\/uploads\/2018\/08\/black-pin.png data-unique-id=2184954 data-scroll-wheel=no data-height=600 data-snazzy-map-style=yes><\/div>\n\t\t\t<input type=\"hidden\" class=\"qodef-snazzy-map\" value=\"`{`\n{\n``featureType``: ``landscape``,\n``elementType``: ``labels``,\n``stylers``: `{`\n{\n``visibility``: ``off``\n}\n`}`\n},\n{\n``featureType``: ``transit``,\n``elementType``: ``labels``,\n``stylers``: `{`\n{\n``visibility``: ``off``\n}\n`}`\n},\n{\n``featureType``: ``poi``,\n``elementType``: ``labels``,\n``stylers``: `{`\n{\n``visibility``: ``off``\n}\n`}`\n},\n{\n``featureType``: ``water``,\n``elementType``: ``labels``,\n``stylers``: `{`\n{\n``visibility``: ``off``\n}\n`}`\n},\n{\n``featureType``: ``road``,\n``elementType``: ``labels.icon``,\n``stylers``: `{`\n{\n``visibility``: ``off``\n}\n`}`\n},\n{\n``stylers``: `{`\n{\n``hue``: ``#00aaff``\n},\n{\n``saturation``: -100\n},\n{\n``gamma``: 2.15\n},\n{\n``lightness``: 12\n}\n`}`\n},\n{\n``featureType``: ``road``,\n``elementType``: ``labels.text.fill``,\n``stylers``: `{`\n{\n``visibility``: ``on``\n},\n{\n``lightness``: 24\n}\n`}`\n},\n{\n``featureType``: ``road``,\n``elementType``: ``geometry``,\n``stylers``: `{`\n{\n``lightness``: 57\n}\n`}`\n}\n`}`\" \/>\n\t\t\t\t<div class=\"qodef-google-map-overlay\"><\/div>\n\t<\/div>\n[\/vc_column][\/vc_row]<\/p>\n<p><\/p>","protected":false},"excerpt":{"rendered":"<p>[vc_row row_content_width=\u00a0\u00bbgrid\u00a0\u00bb disable_background_image=\u00a0\u00bb\u00a0\u00bb content_text_aligment=\u00a0\u00bbleft\u00a0\u00bb simple_background_image=\u00a0\u00bb6630&Prime;][vc_column][\/vc_column][\/vc_row][vc_row row_content_width=\u00a0\u00bbgrid\u00a0\u00bb simple_background_color=\u00a0\u00bb#ffffff\u00a0\u00bb css=\u00a0\u00bb.vc_custom_1520326272848{padding-top: 98px !important;padding-bottom: 140px !important;}\u00a0\u00bb][vc_column offset=\u00a0\u00bbvc_col-lg-6 vc_col-md-12&Prime;][\/vc_column][vc_column offset=\u00a0\u00bbvc_col-lg-6 vc_col-md-12&Prime;][vc_column_text] Communiquez nous vos coordonn\u00e9es, un agent Fare vous contactera dans les meilleurs d\u00e9lais. [\/vc_column_text][vc_empty_space height=\u00a0\u00bb20px\u00a0\u00bb][vc_message](Veuillez noter qu&rsquo;en saisissant vos donn\u00e9es, vous nous autorisez \u00e0 [&hellip;]<\/p>\n","protected":false},"author":18,"featured_media":0,"parent":0,"menu_order":0,"comment_status":"closed","ping_status":"closed","template":"full-width.php","meta":{"_acf_changed":false,"footnotes":""},"acf":[],"yoast_head":"<!-- This site is optimized with the Yoast SEO plugin v24.1 - https:\/\/yoast.com\/wordpress\/plugins\/seo\/ -->\n<title>Contactez-nous &#187; Fare<\/title>\n<meta name=\"robots\" content=\"index, follow, max-snippet:-1, max-image-preview:large, max-video-preview:-1\" \/>\n<link rel=\"canonical\" href=\"https:\/\/fare.lu\/fr\/contact\/\" \/>\n<meta property=\"og:locale\" content=\"fr_FR\" \/>\n<meta property=\"og:type\" content=\"article\" \/>\n<meta property=\"og:title\" content=\"Contactez-nous &#187; Fare\" \/>\n<meta property=\"og:description\" content=\"[vc_row row_content_width=\u00a0\u00bbgrid\u00a0\u00bb disable_background_image=\u00a0\u00bb\u00a0\u00bb content_text_aligment=\u00a0\u00bbleft\u00a0\u00bb simple_background_image=\u00a0\u00bb6630&Prime;][vc_column][\/vc_column][\/vc_row][vc_row row_content_width=\u00a0\u00bbgrid\u00a0\u00bb simple_background_color=\u00a0\u00bb#ffffff\u00a0\u00bb css=\u00a0\u00bb.vc_custom_1520326272848{padding-top: 98px !important;padding-bottom: 140px !important;}\u00a0\u00bb][vc_column offset=\u00a0\u00bbvc_col-lg-6 vc_col-md-12&Prime;][\/vc_column][vc_column offset=\u00a0\u00bbvc_col-lg-6 vc_col-md-12&Prime;][vc_column_text] Communiquez nous vos coordonn\u00e9es, un agent Fare vous contactera dans les meilleurs d\u00e9lais. [\/vc_column_text][vc_empty_space height=\u00a0\u00bb20px\u00a0\u00bb][vc_message](Veuillez noter qu&rsquo;en saisissant vos donn\u00e9es, vous nous autorisez \u00e0 [&hellip;]\" \/>\n<meta property=\"og:url\" content=\"https:\/\/fare.lu\/fr\/contact\/\" \/>\n<meta property=\"og:site_name\" content=\"Fare\" \/>\n<meta property=\"article:publisher\" content=\"https:\/\/www.facebook.com\/FARE.realestate\/?eid=ARBianNQrjkuyE3lWZt04frYywAy-mljTznSn1yD_xhxCFrCFmVw9pjxPHGE1ZHcxRBkujBS12sRMkWS&amp;amp%3bamp%3bamp%3bamp%3bamp%3bamp%3bamp%3bamp%3bamp%3bamp%3btimeline_context_item_type=intro_card_work&amp;amp%3bamp%3bamp%3bamp%3bamp%3bamp%3bamp%3bamp%3bamp%3bamp%3btimeline_context_item_source=100006475746626&amp;amp%3bamp%3bamp%3bamp%3bamp%3bamp%3bamp%3bamp%3bamp%3bamp%3bfref=tag\" \/>\n<meta property=\"article:modified_time\" content=\"2023-09-13T22:04:22+00:00\" \/>\n<meta name=\"twitter:card\" content=\"summary_large_image\" \/>\n<meta name=\"twitter:site\" content=\"@FARERealEstate\" \/>\n<meta name=\"twitter:label1\" content=\"Dur\u00e9e de lecture estim\u00e9e\" \/>\n\t<meta name=\"twitter:data1\" content=\"3 minutes\" \/>\n<script type=\"application\/ld+json\" class=\"yoast-schema-graph\">{\"@context\":\"https:\/\/schema.org\",\"@graph\":[{\"@type\":\"WebPage\",\"@id\":\"https:\/\/fare.lu\/fr\/contact\/\",\"url\":\"https:\/\/fare.lu\/fr\/contact\/\",\"name\":\"Contactez-nous &#187; Fare\",\"isPartOf\":{\"@id\":\"https:\/\/fare.lu\/fr\/#website\"},\"datePublished\":\"2018-08-10T11:23:23+00:00\",\"dateModified\":\"2023-09-13T22:04:22+00:00\",\"breadcrumb\":{\"@id\":\"https:\/\/fare.lu\/fr\/contact\/#breadcrumb\"},\"inLanguage\":\"fr-FR\",\"potentialAction\":[{\"@type\":\"ReadAction\",\"target\":[[\"https:\/\/fare.lu\/fr\/contact\/\"]]}]},{\"@type\":\"BreadcrumbList\",\"@id\":\"https:\/\/fare.lu\/fr\/contact\/#breadcrumb\",\"itemListElement\":[{\"@type\":\"ListItem\",\"position\":1,\"name\":\"Home\",\"item\":\"https:\/\/fare.lu\/fr\/\"},{\"@type\":\"ListItem\",\"position\":2,\"name\":\"Contact\"}]},{\"@type\":\"WebSite\",\"@id\":\"https:\/\/fare.lu\/fr\/#website\",\"url\":\"https:\/\/fare.lu\/fr\/\",\"name\":\"FARE - Your Real Estate Partner in Luxembourg \/ House for Sale\/Sell house \/Offices and Lands for sale or to let\",\"description\":\"Votre partenaire immobilier\",\"publisher\":{\"@id\":\"https:\/\/fare.lu\/fr\/#organization\"},\"potentialAction\":[{\"@type\":\"SearchAction\",\"target\":{\"@type\":\"EntryPoint\",\"urlTemplate\":\"https:\/\/fare.lu\/fr\/?s={search_term_string}\"},\"query-input\":{\"@type\":\"PropertyValueSpecification\",\"valueRequired\":true,\"valueName\":\"search_term_string\"}}],\"inLanguage\":\"fr-FR\"},{\"@type\":\"Organization\",\"@id\":\"https:\/\/fare.lu\/fr\/#organization\",\"name\":\"FARE Real Estate Luxembourg\",\"url\":\"https:\/\/fare.lu\/fr\/\",\"logo\":{\"@type\":\"ImageObject\",\"inLanguage\":\"fr-FR\",\"@id\":\"https:\/\/fare.lu\/fr\/#\/schema\/logo\/image\/\",\"url\":\"https:\/\/fare.lu\/wp-content\/uploads\/2020\/01\/FARE-Real-Estate-in-Luxembourg-House-for-sale-Sell-your-house-office-to-let-land-for-sale-Luxembourg-city-center-scaled.jpg\",\"contentUrl\":\"https:\/\/fare.lu\/wp-content\/uploads\/2020\/01\/FARE-Real-Estate-in-Luxembourg-House-for-sale-Sell-your-house-office-to-let-land-for-sale-Luxembourg-city-center-scaled.jpg\",\"width\":2560,\"height\":2560,\"caption\":\"FARE Real Estate Luxembourg\"},\"image\":{\"@id\":\"https:\/\/fare.lu\/fr\/#\/schema\/logo\/image\/\"},\"sameAs\":[\"https:\/\/www.facebook.com\/FARE.realestate\/?eid=ARBianNQrjkuyE3lWZt04frYywAy-mljTznSn1yD_xhxCFrCFmVw9pjxPHGE1ZHcxRBkujBS12sRMkWS&amp;amp;amp;amp;amp;amp;amp;amp;amp;amp;timeline_context_item_type=intro_card_work&amp;amp;amp;amp;amp;amp;amp;amp;amp;amp;timeline_context_item_source=100006475746626&amp;amp;amp;amp;amp;amp;amp;amp;amp;amp;fref=tag\",\"https:\/\/x.com\/FARERealEstate\",\"https:\/\/www.instagram.com\/fare.lu\/\",\"https:\/\/www.linkedin.com\/company\/fare-sa\/\",\"https:\/\/www.youtube.com\/channel\/UC8ykD-d6gZracNzRLJ91vhw\"]}]}<\/script>\n<!-- \/ Yoast SEO plugin. -->","yoast_head_json":{"title":"Contactez-nous &#187; Fare","robots":{"index":"index","follow":"follow","max-snippet":"max-snippet:-1","max-image-preview":"max-image-preview:large","max-video-preview":"max-video-preview:-1"},"canonical":"https:\/\/fare.lu\/fr\/contact\/","og_locale":"fr_FR","og_type":"article","og_title":"Contactez-nous &#187; Fare","og_description":"[vc_row row_content_width=\u00a0\u00bbgrid\u00a0\u00bb disable_background_image=\u00a0\u00bb\u00a0\u00bb content_text_aligment=\u00a0\u00bbleft\u00a0\u00bb simple_background_image=\u00a0\u00bb6630&Prime;][vc_column][\/vc_column][\/vc_row][vc_row row_content_width=\u00a0\u00bbgrid\u00a0\u00bb simple_background_color=\u00a0\u00bb#ffffff\u00a0\u00bb css=\u00a0\u00bb.vc_custom_1520326272848{padding-top: 98px !important;padding-bottom: 140px !important;}\u00a0\u00bb][vc_column offset=\u00a0\u00bbvc_col-lg-6 vc_col-md-12&Prime;][\/vc_column][vc_column offset=\u00a0\u00bbvc_col-lg-6 vc_col-md-12&Prime;][vc_column_text] Communiquez nous vos coordonn\u00e9es, un agent Fare vous contactera dans les meilleurs d\u00e9lais. [\/vc_column_text][vc_empty_space height=\u00a0\u00bb20px\u00a0\u00bb][vc_message](Veuillez noter qu&rsquo;en saisissant vos donn\u00e9es, vous nous autorisez \u00e0 [&hellip;]","og_url":"https:\/\/fare.lu\/fr\/contact\/","og_site_name":"Fare","article_publisher":"https:\/\/www.facebook.com\/FARE.realestate\/?eid=ARBianNQrjkuyE3lWZt04frYywAy-mljTznSn1yD_xhxCFrCFmVw9pjxPHGE1ZHcxRBkujBS12sRMkWS&amp%3bamp%3bamp%3bamp%3bamp%3bamp%3bamp%3bamp%3bamp%3bamp%3btimeline_context_item_type=intro_card_work&amp%3bamp%3bamp%3bamp%3bamp%3bamp%3bamp%3bamp%3bamp%3bamp%3btimeline_context_item_source=100006475746626&amp%3bamp%3bamp%3bamp%3bamp%3bamp%3bamp%3bamp%3bamp%3bamp%3bfref=tag","article_modified_time":"2023-09-13T22:04:22+00:00","twitter_card":"summary_large_image","twitter_site":"@FARERealEstate","twitter_misc":{"Dur\u00e9e de lecture estim\u00e9e":"3 minutes"},"schema":{"@context":"https:\/\/schema.org","@graph":[{"@type":"WebPage","@id":"https:\/\/fare.lu\/fr\/contact\/","url":"https:\/\/fare.lu\/fr\/contact\/","name":"Contactez-nous &#187; Fare","isPartOf":{"@id":"https:\/\/fare.lu\/fr\/#website"},"datePublished":"2018-08-10T11:23:23+00:00","dateModified":"2023-09-13T22:04:22+00:00","breadcrumb":{"@id":"https:\/\/fare.lu\/fr\/contact\/#breadcrumb"},"inLanguage":"fr-FR","potentialAction":[{"@type":"ReadAction","target":[["https:\/\/fare.lu\/fr\/contact\/"]]}]},{"@type":"BreadcrumbList","@id":"https:\/\/fare.lu\/fr\/contact\/#breadcrumb","itemListElement":[{"@type":"ListItem","position":1,"name":"Home","item":"https:\/\/fare.lu\/fr\/"},{"@type":"ListItem","position":2,"name":"Contact"}]},{"@type":"WebSite","@id":"https:\/\/fare.lu\/fr\/#website","url":"https:\/\/fare.lu\/fr\/","name":"FARE - Your Real Estate Partner in Luxembourg \/ House for Sale\/Sell house \/Offices and Lands for sale or to let","description":"Votre partenaire immobilier","publisher":{"@id":"https:\/\/fare.lu\/fr\/#organization"},"potentialAction":[{"@type":"SearchAction","target":{"@type":"EntryPoint","urlTemplate":"https:\/\/fare.lu\/fr\/?s={search_term_string}"},"query-input":{"@type":"PropertyValueSpecification","valueRequired":true,"valueName":"search_term_string"}}],"inLanguage":"fr-FR"},{"@type":"Organization","@id":"https:\/\/fare.lu\/fr\/#organization","name":"FARE Real Estate Luxembourg","url":"https:\/\/fare.lu\/fr\/","logo":{"@type":"ImageObject","inLanguage":"fr-FR","@id":"https:\/\/fare.lu\/fr\/#\/schema\/logo\/image\/","url":"https:\/\/fare.lu\/wp-content\/uploads\/2020\/01\/FARE-Real-Estate-in-Luxembourg-House-for-sale-Sell-your-house-office-to-let-land-for-sale-Luxembourg-city-center-scaled.jpg","contentUrl":"https:\/\/fare.lu\/wp-content\/uploads\/2020\/01\/FARE-Real-Estate-in-Luxembourg-House-for-sale-Sell-your-house-office-to-let-land-for-sale-Luxembourg-city-center-scaled.jpg","width":2560,"height":2560,"caption":"FARE Real Estate Luxembourg"},"image":{"@id":"https:\/\/fare.lu\/fr\/#\/schema\/logo\/image\/"},"sameAs":["https:\/\/www.facebook.com\/FARE.realestate\/?eid=ARBianNQrjkuyE3lWZt04frYywAy-mljTznSn1yD_xhxCFrCFmVw9pjxPHGE1ZHcxRBkujBS12sRMkWS&amp;amp;amp;amp;amp;amp;amp;amp;amp;amp;timeline_context_item_type=intro_card_work&amp;amp;amp;amp;amp;amp;amp;amp;amp;amp;timeline_context_item_source=100006475746626&amp;amp;amp;amp;amp;amp;amp;amp;amp;amp;fref=tag","https:\/\/x.com\/FARERealEstate","https:\/\/www.instagram.com\/fare.lu\/","https:\/\/www.linkedin.com\/company\/fare-sa\/","https:\/\/www.youtube.com\/channel\/UC8ykD-d6gZracNzRLJ91vhw"]}]}},"_links":{"self":[{"href":"https:\/\/fare.lu\/fr\/wp-json\/wp\/v2\/pages\/2104"}],"collection":[{"href":"https:\/\/fare.lu\/fr\/wp-json\/wp\/v2\/pages"}],"about":[{"href":"https:\/\/fare.lu\/fr\/wp-json\/wp\/v2\/types\/page"}],"author":[{"embeddable":true,"href":"https:\/\/fare.lu\/fr\/wp-json\/wp\/v2\/users\/18"}],"replies":[{"embeddable":true,"href":"https:\/\/fare.lu\/fr\/wp-json\/wp\/v2\/comments?post=2104"}],"version-history":[{"count":44,"href":"https:\/\/fare.lu\/fr\/wp-json\/wp\/v2\/pages\/2104\/revisions"}],"predecessor-version":[{"id":44529,"href":"https:\/\/fare.lu\/fr\/wp-json\/wp\/v2\/pages\/2104\/revisions\/44529"}],"wp:attachment":[{"href":"https:\/\/fare.lu\/fr\/wp-json\/wp\/v2\/media?parent=2104"}],"curies":[{"name":"wp","href":"https:\/\/api.w.org\/{rel}","templated":true}]}}