{"id":19436,"date":"2020-05-05T14:33:18","date_gmt":"2020-05-05T12:33:18","guid":{"rendered":"https:\/\/www.fare.lu\/?page_id=19436"},"modified":"2020-05-05T14:33:18","modified_gmt":"2020-05-05T12:33:18","slug":"lp-virtual-visits-v3-hesperange","status":"publish","type":"page","link":"https:\/\/fare.lu\/fr\/lp-virtual-visits-v3-hesperange\/","title":{"rendered":"LP virtual visits with list"},"content":{"rendered":"<p>[vc_row row_content_width=\u00a0\u00bbgrid\u00a0\u00bb disable_background_image=\u00a0\u00bb\u00a0\u00bb content_text_aligment=\u00a0\u00bbleft\u00a0\u00bb simple_background_image=\u00a0\u00bb700&Prime;][vc_column]<div class=\"qodef-elements-holder   qodef-one-column  qodef-responsive-mode-768 \" ><div class=\"qodef-eh-item    \"  data-item-class=\"qodef-eh-custom-8912\" data-1280-1600=\"129px 0\" data-1024-1280=\"129px 0\" data-768-1024=\"113px 7% 134px\" data-680-768=\"113px 0 134px\" data-680=\"113px 0 134px\">\n\t<div class=\"qodef-eh-item-inner\">\n\t\t<div class=\"qodef-eh-item-content qodef-eh-custom-8912\" style=\"padding: 129px 0\">\n\t\t\t<h2 class=\"qodef-custom-font-holder  qodef-cf-4084  \" style=\"font-size: 72px;line-height: 64px;text-align: left;color: #ffffff\" data-item-class=\"qodef-cf-4084\" data-font-size-680=\"57px\">\n\tDiscover your next home with FARE SA. <\/h2><a itemprop=\"url\" href=\"#\" target=\"_self\"  class=\"qodef-btn qodef-btn-medium qodef-btn-solid scrolltoform\"  >\n    <span class=\"qodef-btn-text\">Free virtual visit<\/span>\n    <\/a>\t\t<\/div>\n\t<\/div>\n<\/div><\/div>[\/vc_column][\/vc_row][vc_row row_content_width=\u00a0\u00bbgrid\u00a0\u00bb simple_background_color=\u00a0\u00bb#ffffff\u00a0\u00bb css=\u00a0\u00bb.vc_custom_1520326272848{padding-top: 98px !important;padding-bottom: 140px !important;}\u00a0\u00bb][vc_column offset=\u00a0\u00bbvc_col-lg-5 vc_col-md-12&Prime;]<div class=\"qodef-elements-holder   qodef-one-column  qodef-responsive-mode-768 \" ><div class=\"qodef-eh-item    \"  data-item-class=\"qodef-eh-custom-3656\" data-1280-1600=\"0 11px 0 0\" data-1024-1280=\"0 0 0 0\" data-768-1024=\"0 0 29px 0\" data-680-768=\"0 0 29px 0\" data-680=\"0 0 29px 0\">\n\t<div class=\"qodef-eh-item-inner\">\n\t\t<div class=\"qodef-eh-item-content qodef-eh-custom-3656\" style=\"padding: 0 33px 0 0\">\n\t\t\t[vc_column_text]<\/p>\n<h1>No need to go out of home thanks to our virtual visits!<\/h1>\n<p>[\/vc_column_text][vc_empty_space height=\u00a0\u00bb10px\u00a0\u00bb][vc_column_text]Due to this exceptional situation and in order to help to limit the propagation of the virus Covid 19, FARE SA is please to present you our newest action: Virtual Visits.<\/p>\n<p>&nbsp;<\/p>\n<p>From now on, you do not need to come to us, we come to you! How? It is very simple; choose the object you are interest in and send us a request to obtain the virtual visit. As always one of our experienced real estate agents stays at your disposal by phone 26 897 897 or email <a href=\"mailto:contact@fare.lu\">contact@fare.lu<\/a> .<\/p>\n<p>&nbsp;<\/p>\n<p>No need to wait longer, just fill in the form and get your virtual visit by email.[\/vc_column_text][vc_empty_space height=\u00a0\u00bb60px\u00a0\u00bb][vc_column_text]<\/p>\n<h3 class=\"p1\"><span class=\"s1\">Stay tuned and follow us on social media<\/span><\/h3>\n<p>[\/vc_column_text][vc_empty_space height=\u00a0\u00bb4px\u00a0\u00bb]    <span class=\"qodef-icon-shortcode qodef-normal   \"  data-color=\"#010101\">\n                    <a itemprop=\"url\" class=\"\" href=\"https:\/\/www.facebook.com\/FARE.realestate\/\" target=\"_blank\">\n                    <i class=\"qodef-icon-font-awesome fa fa-facebook qodef-icon-element\" style=\"color: #010101;font-size:15px\" ><\/i>                    <\/a>\n            <\/span>\n    <span class=\"qodef-icon-shortcode qodef-normal   \" style=\"margin: 0 0 0 16px\" data-color=\"#010101\">\n                    <a itemprop=\"url\" class=\"\" href=\"https:\/\/twitter.com\/farerealestate\" target=\"_blank\">\n                    <i class=\"qodef-icon-font-awesome fa fa-twitter qodef-icon-element\" style=\"color: #010101;font-size:15px\" ><\/i>                    <\/a>\n            <\/span>\n    <span class=\"qodef-icon-shortcode qodef-normal   \" style=\"margin: 0 0 0 16px\" data-color=\"#010101\">\n                    <a itemprop=\"url\" class=\"\" href=\"https:\/\/www.linkedin.com\/company\/fare-sa?trk=company_name\" target=\"_blank\">\n                    <i class=\"qodef-icon-font-awesome fa fa-linkedin qodef-icon-element\" style=\"color: #010101;font-size:15px\" ><\/i>                    <\/a>\n            <\/span>\n    <span class=\"qodef-icon-shortcode qodef-normal   \" style=\"margin: 0 0 0 16px\" data-color=\"#010101\">\n                    <a itemprop=\"url\" class=\"\" href=\"https:\/\/www.youtube.com\/channel\/UC4EYRyMtuyI8LIe3w9YDswA\" target=\"_blank\">\n                    <i class=\"qodef-icon-font-awesome fa fa-youtube qodef-icon-element\" style=\"color: #010101;font-size:15px\" ><\/i>                    <\/a>\n            <\/span>\n\t\t<\/div>\n\t<\/div>\n<\/div><\/div>[\/vc_column][vc_column offset=\u00a0\u00bbvc_col-lg-7 vc_col-md-12&Prime; el_id=\u00a0\u00bbscrolltoform\u00a0\u00bb][vc_column_text]<\/p>\n<h1>Send us a message to get an email with your free virtual visit video !<\/h1>\n<p>[\/vc_column_text][vc_column_text]<b>Choose your object<\/b>[\/vc_column_text][vc_empty_space height=\u00a0\u00bb20px\u00a0\u00bb][vc_empty_space height=\u00a0\u00bb250px\u00a0\u00bb el_id=\u00a0\u00bbpropertylist_tour\u00a0\u00bb]\n<div class=\"wpcf7 no-js\" id=\"wpcf7-f19037-o1\" lang=\"en-US\" dir=\"ltr\">\n<div class=\"screen-reader-response\"><p role=\"status\" aria-live=\"polite\" aria-atomic=\"true\"><\/p> <ul><\/ul><\/div>\n<form action=\"\/fr\/wp-json\/wp\/v2\/pages\/19436#wpcf7-f19037-o1\" method=\"post\" class=\"wpcf7-form init cf7_custom_style_1\" aria-label=\"Contact form\" novalidate=\"novalidate\" data-status=\"init\">\n<div style=\"display: none;\">\n<input type=\"hidden\" name=\"_wpcf7\" value=\"19037\" \/>\n<input type=\"hidden\" name=\"_wpcf7_version\" value=\"5.8.6\" \/>\n<input type=\"hidden\" name=\"_wpcf7_locale\" value=\"en_US\" \/>\n<input type=\"hidden\" name=\"_wpcf7_unit_tag\" value=\"wpcf7-f19037-o1\" \/>\n<input type=\"hidden\" name=\"_wpcf7_container_post\" value=\"0\" \/>\n<input type=\"hidden\" name=\"_wpcf7_posted_data_hash\" value=\"\" \/>\n<\/div>\n<p><span class=\"wpcf7-form-control-wrap\" data-name=\"your-objectlink\"><input size=\"40\" class=\"wpcf7-form-control wpcf7-text wpcf7-validates-as-required\" aria-required=\"true\" aria-invalid=\"false\" placeholder=\"\" value=\"\" type=\"text\" name=\"your-objectlink\" \/><\/span><br \/>\n<label><b>Fill in the form<\/b><br \/>\n<\/label><br \/>\n<span class=\"wpcf7-form-control-wrap\" data-name=\"your-name\"><input size=\"40\" class=\"wpcf7-form-control wpcf7-text wpcf7-validates-as-required\" aria-required=\"true\" aria-invalid=\"false\" placeholder=\"NOM*\" value=\"\" type=\"text\" name=\"your-name\" \/><\/span><br \/>\n<span class=\"wpcf7-form-control-wrap\" data-name=\"your-email\"><input size=\"40\" class=\"wpcf7-form-control wpcf7-email wpcf7-validates-as-required wpcf7-text wpcf7-validates-as-email\" aria-required=\"true\" aria-invalid=\"false\" placeholder=\"E-MAIL*\" value=\"\" type=\"email\" name=\"your-email\" \/><\/span><br \/>\n<span class=\"wpcf7-form-control-wrap\" data-name=\"your-phone\"><input size=\"40\" class=\"wpcf7-form-control wpcf7-text wpcf7-validates-as-required\" aria-required=\"true\" aria-invalid=\"false\" placeholder=\"T\u00c9L\u00c9PHONE*\" value=\"\" type=\"text\" name=\"your-phone\" \/><\/span><br \/>\n<span class=\"wpcf7-form-control-wrap\" data-name=\"your-address\"><input size=\"40\" class=\"wpcf7-form-control wpcf7-text wpcf7-validates-as-required\" aria-required=\"true\" aria-invalid=\"false\" placeholder=\"Adresse*\" value=\"\" type=\"text\" name=\"your-address\" \/><\/span><br \/>\n<span class=\"wpcf7-form-control-wrap\" data-name=\"your-postcode\"><input size=\"40\" class=\"wpcf7-form-control wpcf7-text wpcf7-validates-as-required\" aria-required=\"true\" aria-invalid=\"false\" placeholder=\"Code postal*\" value=\"\" type=\"text\" name=\"your-postcode\" \/><\/span><br \/>\n<span class=\"wpcf7-form-control-wrap\" data-name=\"your-location\"><input size=\"40\" class=\"wpcf7-form-control wpcf7-text wpcf7-validates-as-required\" aria-required=\"true\" aria-invalid=\"false\" placeholder=\"Ville*\" value=\"\" type=\"text\" name=\"your-location\" \/><\/span><br \/>\n<span class=\"wpcf7-form-control-wrap\" data-name=\"your-message\"><textarea cols=\"40\" rows=\"10\" class=\"wpcf7-form-control wpcf7-textarea wpcf7-validates-as-required\" aria-required=\"true\" aria-invalid=\"false\" placeholder=\"Message\" name=\"your-message\"><\/textarea><\/span>\n<\/p>\n<p><span class=\"wpcf7-form-control-wrap\" data-name=\"acceptance-1\"><span class=\"wpcf7-form-control wpcf7-acceptance\"><span class=\"wpcf7-list-item\"><label><input type=\"checkbox\" name=\"acceptance-1\" value=\"1\" aria-invalid=\"false\" \/><span class=\"wpcf7-list-item-label\">* Oui, j'ai lu et compris la <a href='\/privacy-policy\/'>politique de confidentialit\u00e9<\/a> sur le traitement des donn\u00e9es personnelles et accepte l'utilisation par Fare SA de ces derni\u00e8res pour r\u00e9pondre \u00e0 ma demande.<\/span><\/label><\/span><\/span><\/span>\n<\/p>\n<p><input class=\"wpcf7-form-control wpcf7-submit has-spinner\" type=\"submit\" value=\"Envoyer\" \/>\n<\/p><div class=\"wpcf7-response-output\" aria-hidden=\"true\"><\/div>\n<\/form>\n<\/div>\n[\/vc_column][\/vc_row][vc_row row_content_width=\u00a0\u00bbgrid\u00a0\u00bb simple_background_color=\u00a0\u00bb#ffffff\u00a0\u00bb css=\u00a0\u00bb.vc_custom_1586422924888{padding-top: 0px !important;padding-bottom: 133px !important;}\u00a0\u00bb el_class=\u00a0\u00bbservices-listing\u00a0\u00bb][vc_column][vc_row_inner][vc_column_inner width=\u00a0\u00bb1\/4&Prime;][vc_single_image image=\u00a0\u00bb560&Prime; img_size=\u00a0\u00bbmedium\u00a0\u00bb][\/vc_column_inner][vc_column_inner width=\u00a0\u00bb3\/4&Prime;][vc_column_text]<\/p>\n<h3><strong>Valuation of property<\/strong><\/h3>\n<p>Prior to any sale an accurate estimation of its value is critical. We combine the latest market data for similar properties within an appropriate geographical proximity with our inside knowledge of what clients are offering elsewhere in the market. The correct value will take into consideration more than just market forces but also the timeframe in which a seller wishes to sell and the psychology of what a potential buyer is willing to pay.<\/p>\n<p>An understanding of regulation has also become increasingly important especially with regard to energy efficiency and the energy passport. We assist sellers in getting their property ready and buyers to ensure that properties meet current regulations.[\/vc_column_text][\/vc_column_inner][\/vc_row_inner][vc_empty_space height=\u00a0\u00bb60px\u00a0\u00bb][vc_row_inner][vc_column_inner width=\u00a0\u00bb3\/4&Prime;][vc_column_text]<\/p>\n<h3><strong>Selling a property<\/strong><\/h3>\n<p>Whether you are selling an apartment, a house, a commercial building or land for building, they all require the support of a professional who understands the current market conditions.<\/p>\n<p>At Fare we offer<\/p>\n<ul>\n<li>Personalised advice on all parts of the sale process including secondary issues that can be triggered by a sale.<\/li>\n<li>A valuation that you can trust and that is fair!<\/li>\n<li>Expert analysis of the laws and regulations governing all parts of the sale process<\/li>\n<li>A partnership to escort you step by step through the whole process. We are here for your peace of mind.<\/li>\n<\/ul>\n<p>[\/vc_column_text][\/vc_column_inner][vc_column_inner width=\u00a0\u00bb1\/4&Prime;][vc_single_image image=\u00a0\u00bb1506&Prime; img_size=\u00a0\u00bbmedium\u00a0\u00bb][\/vc_column_inner][\/vc_row_inner][vc_empty_space height=\u00a0\u00bb60px\u00a0\u00bb][vc_row_inner][vc_column_inner width=\u00a0\u00bb1\/4&Prime;][vc_single_image image=\u00a0\u00bb556&Prime; img_size=\u00a0\u00bbmedium\u00a0\u00bb][\/vc_column_inner][vc_column_inner width=\u00a0\u00bb3\/4&Prime;][vc_column_text]<\/p>\n<h3><strong>Renting a Property<\/strong><\/h3>\n<p>Are you looking to rent a property in an ideal location? Houses, apartments, studios, furnished or unfurnished. Do not hesitate to contact us to discover our extensive catalogue of properties or we can search on your behalf for the perfect solution.<\/p>\n<ul>\n<li>We have a large choice of properties, updated on a daily basis.<\/li>\n<li>Allow us to analyse your needs to help you to refine your criteria in the context of what Luxembourg has to offer.<\/li>\n<\/ul>\n<p>[\/vc_column_text][\/vc_column_inner][\/vc_row_inner][\/vc_column][\/vc_row]<\/p>","protected":false},"excerpt":{"rendered":"<p>[vc_row row_content_width=\u00a0\u00bbgrid\u00a0\u00bb disable_background_image=\u00a0\u00bb\u00a0\u00bb content_text_aligment=\u00a0\u00bbleft\u00a0\u00bb simple_background_image=\u00a0\u00bb700&Prime;][vc_column][\/vc_column][\/vc_row][vc_row row_content_width=\u00a0\u00bbgrid\u00a0\u00bb simple_background_color=\u00a0\u00bb#ffffff\u00a0\u00bb css=\u00a0\u00bb.vc_custom_1520326272848{padding-top: 98px !important;padding-bottom: 140px !important;}\u00a0\u00bb][vc_column offset=\u00a0\u00bbvc_col-lg-5 vc_col-md-12&Prime;][\/vc_column][vc_column offset=\u00a0\u00bbvc_col-lg-7 vc_col-md-12&Prime; el_id=\u00a0\u00bbscrolltoform\u00a0\u00bb][vc_column_text] Send us a message to get an email with your free virtual visit video ! [\/vc_column_text][vc_column_text]Choose your object[\/vc_column_text][vc_empty_space height=\u00a0\u00bb20px\u00a0\u00bb][vc_empty_space height=\u00a0\u00bb250px\u00a0\u00bb el_id=\u00a0\u00bbpropertylist_tour\u00a0\u00bb][\/vc_column][\/vc_row][vc_row row_content_width=\u00a0\u00bbgrid\u00a0\u00bb simple_background_color=\u00a0\u00bb#ffffff\u00a0\u00bb [&hellip;]<\/p>\n","protected":false},"author":18,"featured_media":0,"parent":0,"menu_order":0,"comment_status":"closed","ping_status":"closed","template":"full-width.php","meta":{"_acf_changed":false,"footnotes":""},"acf":[],"yoast_head":"<!-- This site is optimized with the Yoast SEO plugin v24.1 - https:\/\/yoast.com\/wordpress\/plugins\/seo\/ -->\n<title>LP virtual visits with list &#187; Fare<\/title>\n<meta name=\"robots\" content=\"index, follow, max-snippet:-1, max-image-preview:large, max-video-preview:-1\" \/>\n<link rel=\"canonical\" href=\"https:\/\/fare.lu\/fr\/lp-virtual-visits-v3-hesperange\/\" \/>\n<meta property=\"og:locale\" content=\"fr_FR\" \/>\n<meta property=\"og:type\" content=\"article\" \/>\n<meta property=\"og:title\" content=\"LP virtual visits with list &#187; Fare\" \/>\n<meta property=\"og:description\" content=\"[vc_row row_content_width=\u00a0\u00bbgrid\u00a0\u00bb disable_background_image=\u00a0\u00bb\u00a0\u00bb content_text_aligment=\u00a0\u00bbleft\u00a0\u00bb simple_background_image=\u00a0\u00bb700&Prime;][vc_column][\/vc_column][\/vc_row][vc_row row_content_width=\u00a0\u00bbgrid\u00a0\u00bb simple_background_color=\u00a0\u00bb#ffffff\u00a0\u00bb css=\u00a0\u00bb.vc_custom_1520326272848{padding-top: 98px !important;padding-bottom: 140px !important;}\u00a0\u00bb][vc_column offset=\u00a0\u00bbvc_col-lg-5 vc_col-md-12&Prime;][\/vc_column][vc_column offset=\u00a0\u00bbvc_col-lg-7 vc_col-md-12&Prime; el_id=\u00a0\u00bbscrolltoform\u00a0\u00bb][vc_column_text] Send us a message to get an email with your free virtual visit video ! [\/vc_column_text][vc_column_text]Choose your object[\/vc_column_text][vc_empty_space height=\u00a0\u00bb20px\u00a0\u00bb][vc_empty_space height=\u00a0\u00bb250px\u00a0\u00bb el_id=\u00a0\u00bbpropertylist_tour\u00a0\u00bb][\/vc_column][\/vc_row][vc_row row_content_width=\u00a0\u00bbgrid\u00a0\u00bb simple_background_color=\u00a0\u00bb#ffffff\u00a0\u00bb [&hellip;]\" \/>\n<meta property=\"og:url\" content=\"https:\/\/fare.lu\/fr\/lp-virtual-visits-v3-hesperange\/\" \/>\n<meta property=\"og:site_name\" content=\"Fare\" \/>\n<meta property=\"article:publisher\" content=\"https:\/\/www.facebook.com\/FARE.realestate\/?eid=ARBianNQrjkuyE3lWZt04frYywAy-mljTznSn1yD_xhxCFrCFmVw9pjxPHGE1ZHcxRBkujBS12sRMkWS&amp;amp%3bamp%3bamp%3bamp%3bamp%3bamp%3bamp%3bamp%3bamp%3bamp%3btimeline_context_item_type=intro_card_work&amp;amp%3bamp%3bamp%3bamp%3bamp%3bamp%3bamp%3bamp%3bamp%3bamp%3btimeline_context_item_source=100006475746626&amp;amp%3bamp%3bamp%3bamp%3bamp%3bamp%3bamp%3bamp%3bamp%3bamp%3bfref=tag\" \/>\n<meta name=\"twitter:card\" content=\"summary_large_image\" \/>\n<meta name=\"twitter:site\" content=\"@FARERealEstate\" \/>\n<meta name=\"twitter:label1\" content=\"Dur\u00e9e de lecture estim\u00e9e\" \/>\n\t<meta name=\"twitter:data1\" content=\"13 minutes\" \/>\n<script type=\"application\/ld+json\" class=\"yoast-schema-graph\">{\"@context\":\"https:\/\/schema.org\",\"@graph\":[{\"@type\":\"WebPage\",\"@id\":\"https:\/\/fare.lu\/fr\/lp-virtual-visits-v3-hesperange\/\",\"url\":\"https:\/\/fare.lu\/fr\/lp-virtual-visits-v3-hesperange\/\",\"name\":\"LP virtual visits with list &#187; Fare\",\"isPartOf\":{\"@id\":\"https:\/\/fare.lu\/fr\/#website\"},\"datePublished\":\"2020-05-05T12:33:18+00:00\",\"dateModified\":\"2020-05-05T12:33:18+00:00\",\"breadcrumb\":{\"@id\":\"https:\/\/fare.lu\/fr\/lp-virtual-visits-v3-hesperange\/#breadcrumb\"},\"inLanguage\":\"fr-FR\",\"potentialAction\":[{\"@type\":\"ReadAction\",\"target\":[[\"https:\/\/fare.lu\/fr\/lp-virtual-visits-v3-hesperange\/\"]]}]},{\"@type\":\"BreadcrumbList\",\"@id\":\"https:\/\/fare.lu\/fr\/lp-virtual-visits-v3-hesperange\/#breadcrumb\",\"itemListElement\":[{\"@type\":\"ListItem\",\"position\":1,\"name\":\"Home\",\"item\":\"https:\/\/fare.lu\/fr\/\"},{\"@type\":\"ListItem\",\"position\":2,\"name\":\"LP virtual visits V3 Hesperange\"}]},{\"@type\":\"WebSite\",\"@id\":\"https:\/\/fare.lu\/fr\/#website\",\"url\":\"https:\/\/fare.lu\/fr\/\",\"name\":\"FARE - Your Real Estate Partner in Luxembourg \/ House for Sale\/Sell house \/Offices and Lands for sale or to let\",\"description\":\"Votre partenaire immobilier\",\"publisher\":{\"@id\":\"https:\/\/fare.lu\/fr\/#organization\"},\"potentialAction\":[{\"@type\":\"SearchAction\",\"target\":{\"@type\":\"EntryPoint\",\"urlTemplate\":\"https:\/\/fare.lu\/fr\/?s={search_term_string}\"},\"query-input\":{\"@type\":\"PropertyValueSpecification\",\"valueRequired\":true,\"valueName\":\"search_term_string\"}}],\"inLanguage\":\"fr-FR\"},{\"@type\":\"Organization\",\"@id\":\"https:\/\/fare.lu\/fr\/#organization\",\"name\":\"FARE Real Estate Luxembourg\",\"url\":\"https:\/\/fare.lu\/fr\/\",\"logo\":{\"@type\":\"ImageObject\",\"inLanguage\":\"fr-FR\",\"@id\":\"https:\/\/fare.lu\/fr\/#\/schema\/logo\/image\/\",\"url\":\"https:\/\/fare.lu\/wp-content\/uploads\/2020\/01\/FARE-Real-Estate-in-Luxembourg-House-for-sale-Sell-your-house-office-to-let-land-for-sale-Luxembourg-city-center-scaled.jpg\",\"contentUrl\":\"https:\/\/fare.lu\/wp-content\/uploads\/2020\/01\/FARE-Real-Estate-in-Luxembourg-House-for-sale-Sell-your-house-office-to-let-land-for-sale-Luxembourg-city-center-scaled.jpg\",\"width\":2560,\"height\":2560,\"caption\":\"FARE Real Estate Luxembourg\"},\"image\":{\"@id\":\"https:\/\/fare.lu\/fr\/#\/schema\/logo\/image\/\"},\"sameAs\":[\"https:\/\/www.facebook.com\/FARE.realestate\/?eid=ARBianNQrjkuyE3lWZt04frYywAy-mljTznSn1yD_xhxCFrCFmVw9pjxPHGE1ZHcxRBkujBS12sRMkWS&amp;amp;amp;amp;amp;amp;amp;amp;amp;amp;timeline_context_item_type=intro_card_work&amp;amp;amp;amp;amp;amp;amp;amp;amp;amp;timeline_context_item_source=100006475746626&amp;amp;amp;amp;amp;amp;amp;amp;amp;amp;fref=tag\",\"https:\/\/x.com\/FARERealEstate\",\"https:\/\/www.instagram.com\/fare.lu\/\",\"https:\/\/www.linkedin.com\/company\/fare-sa\/\",\"https:\/\/www.youtube.com\/channel\/UC8ykD-d6gZracNzRLJ91vhw\"]}]}<\/script>\n<!-- \/ Yoast SEO plugin. -->","yoast_head_json":{"title":"LP virtual visits with list &#187; Fare","robots":{"index":"index","follow":"follow","max-snippet":"max-snippet:-1","max-image-preview":"max-image-preview:large","max-video-preview":"max-video-preview:-1"},"canonical":"https:\/\/fare.lu\/fr\/lp-virtual-visits-v3-hesperange\/","og_locale":"fr_FR","og_type":"article","og_title":"LP virtual visits with list &#187; Fare","og_description":"[vc_row row_content_width=\u00a0\u00bbgrid\u00a0\u00bb disable_background_image=\u00a0\u00bb\u00a0\u00bb content_text_aligment=\u00a0\u00bbleft\u00a0\u00bb simple_background_image=\u00a0\u00bb700&Prime;][vc_column][\/vc_column][\/vc_row][vc_row row_content_width=\u00a0\u00bbgrid\u00a0\u00bb simple_background_color=\u00a0\u00bb#ffffff\u00a0\u00bb css=\u00a0\u00bb.vc_custom_1520326272848{padding-top: 98px !important;padding-bottom: 140px !important;}\u00a0\u00bb][vc_column offset=\u00a0\u00bbvc_col-lg-5 vc_col-md-12&Prime;][\/vc_column][vc_column offset=\u00a0\u00bbvc_col-lg-7 vc_col-md-12&Prime; el_id=\u00a0\u00bbscrolltoform\u00a0\u00bb][vc_column_text] Send us a message to get an email with your free virtual visit video ! [\/vc_column_text][vc_column_text]Choose your object[\/vc_column_text][vc_empty_space height=\u00a0\u00bb20px\u00a0\u00bb][vc_empty_space height=\u00a0\u00bb250px\u00a0\u00bb el_id=\u00a0\u00bbpropertylist_tour\u00a0\u00bb][\/vc_column][\/vc_row][vc_row row_content_width=\u00a0\u00bbgrid\u00a0\u00bb simple_background_color=\u00a0\u00bb#ffffff\u00a0\u00bb [&hellip;]","og_url":"https:\/\/fare.lu\/fr\/lp-virtual-visits-v3-hesperange\/","og_site_name":"Fare","article_publisher":"https:\/\/www.facebook.com\/FARE.realestate\/?eid=ARBianNQrjkuyE3lWZt04frYywAy-mljTznSn1yD_xhxCFrCFmVw9pjxPHGE1ZHcxRBkujBS12sRMkWS&amp%3bamp%3bamp%3bamp%3bamp%3bamp%3bamp%3bamp%3bamp%3bamp%3btimeline_context_item_type=intro_card_work&amp%3bamp%3bamp%3bamp%3bamp%3bamp%3bamp%3bamp%3bamp%3bamp%3btimeline_context_item_source=100006475746626&amp%3bamp%3bamp%3bamp%3bamp%3bamp%3bamp%3bamp%3bamp%3bamp%3bfref=tag","twitter_card":"summary_large_image","twitter_site":"@FARERealEstate","twitter_misc":{"Dur\u00e9e de lecture estim\u00e9e":"13 minutes"},"schema":{"@context":"https:\/\/schema.org","@graph":[{"@type":"WebPage","@id":"https:\/\/fare.lu\/fr\/lp-virtual-visits-v3-hesperange\/","url":"https:\/\/fare.lu\/fr\/lp-virtual-visits-v3-hesperange\/","name":"LP virtual visits with list &#187; Fare","isPartOf":{"@id":"https:\/\/fare.lu\/fr\/#website"},"datePublished":"2020-05-05T12:33:18+00:00","dateModified":"2020-05-05T12:33:18+00:00","breadcrumb":{"@id":"https:\/\/fare.lu\/fr\/lp-virtual-visits-v3-hesperange\/#breadcrumb"},"inLanguage":"fr-FR","potentialAction":[{"@type":"ReadAction","target":[["https:\/\/fare.lu\/fr\/lp-virtual-visits-v3-hesperange\/"]]}]},{"@type":"BreadcrumbList","@id":"https:\/\/fare.lu\/fr\/lp-virtual-visits-v3-hesperange\/#breadcrumb","itemListElement":[{"@type":"ListItem","position":1,"name":"Home","item":"https:\/\/fare.lu\/fr\/"},{"@type":"ListItem","position":2,"name":"LP virtual visits V3 Hesperange"}]},{"@type":"WebSite","@id":"https:\/\/fare.lu\/fr\/#website","url":"https:\/\/fare.lu\/fr\/","name":"FARE - Your Real Estate Partner in Luxembourg \/ House for Sale\/Sell house \/Offices and Lands for sale or to let","description":"Votre partenaire immobilier","publisher":{"@id":"https:\/\/fare.lu\/fr\/#organization"},"potentialAction":[{"@type":"SearchAction","target":{"@type":"EntryPoint","urlTemplate":"https:\/\/fare.lu\/fr\/?s={search_term_string}"},"query-input":{"@type":"PropertyValueSpecification","valueRequired":true,"valueName":"search_term_string"}}],"inLanguage":"fr-FR"},{"@type":"Organization","@id":"https:\/\/fare.lu\/fr\/#organization","name":"FARE Real Estate Luxembourg","url":"https:\/\/fare.lu\/fr\/","logo":{"@type":"ImageObject","inLanguage":"fr-FR","@id":"https:\/\/fare.lu\/fr\/#\/schema\/logo\/image\/","url":"https:\/\/fare.lu\/wp-content\/uploads\/2020\/01\/FARE-Real-Estate-in-Luxembourg-House-for-sale-Sell-your-house-office-to-let-land-for-sale-Luxembourg-city-center-scaled.jpg","contentUrl":"https:\/\/fare.lu\/wp-content\/uploads\/2020\/01\/FARE-Real-Estate-in-Luxembourg-House-for-sale-Sell-your-house-office-to-let-land-for-sale-Luxembourg-city-center-scaled.jpg","width":2560,"height":2560,"caption":"FARE Real Estate Luxembourg"},"image":{"@id":"https:\/\/fare.lu\/fr\/#\/schema\/logo\/image\/"},"sameAs":["https:\/\/www.facebook.com\/FARE.realestate\/?eid=ARBianNQrjkuyE3lWZt04frYywAy-mljTznSn1yD_xhxCFrCFmVw9pjxPHGE1ZHcxRBkujBS12sRMkWS&amp;amp;amp;amp;amp;amp;amp;amp;amp;amp;timeline_context_item_type=intro_card_work&amp;amp;amp;amp;amp;amp;amp;amp;amp;amp;timeline_context_item_source=100006475746626&amp;amp;amp;amp;amp;amp;amp;amp;amp;amp;fref=tag","https:\/\/x.com\/FARERealEstate","https:\/\/www.instagram.com\/fare.lu\/","https:\/\/www.linkedin.com\/company\/fare-sa\/","https:\/\/www.youtube.com\/channel\/UC8ykD-d6gZracNzRLJ91vhw"]}]}},"_links":{"self":[{"href":"https:\/\/fare.lu\/fr\/wp-json\/wp\/v2\/pages\/19436"}],"collection":[{"href":"https:\/\/fare.lu\/fr\/wp-json\/wp\/v2\/pages"}],"about":[{"href":"https:\/\/fare.lu\/fr\/wp-json\/wp\/v2\/types\/page"}],"author":[{"embeddable":true,"href":"https:\/\/fare.lu\/fr\/wp-json\/wp\/v2\/users\/18"}],"replies":[{"embeddable":true,"href":"https:\/\/fare.lu\/fr\/wp-json\/wp\/v2\/comments?post=19436"}],"version-history":[{"count":1,"href":"https:\/\/fare.lu\/fr\/wp-json\/wp\/v2\/pages\/19436\/revisions"}],"predecessor-version":[{"id":19437,"href":"https:\/\/fare.lu\/fr\/wp-json\/wp\/v2\/pages\/19436\/revisions\/19437"}],"wp:attachment":[{"href":"https:\/\/fare.lu\/fr\/wp-json\/wp\/v2\/media?parent=19436"}],"curies":[{"name":"wp","href":"https:\/\/api.w.org\/{rel}","templated":true}]}}